{"id":19219,"date":"2023-03-09T12:37:18","date_gmt":"2023-03-09T12:37:18","guid":{"rendered":"https:\/\/carneirinhosboattrips.pt\/?page_id=19219"},"modified":"2023-03-09T12:37:18","modified_gmt":"2023-03-09T12:37:18","slug":"clean-safe","status":"publish","type":"page","link":"https:\/\/carneirinhosboattrips.pt\/pt\/limpo-seguro\/","title":{"rendered":"Limpo &amp; seguro"},"content":{"rendered":"<section class=\"wpb-content-wrapper\"><div class=\"vc_row wpb_row vc_row-fluid\"><div class=\"wpb_column vc_column_container vc_col-sm-12\"><div class=\"vc_column-inner\"><div class=\"wpb_wrapper\"><div class=\"fl-vc-responsive--gap cf fl-responsive-gap-69e1df72d2f86-9457 fl-vc--responsive\"   data-responsive-target='fl-responsive-gap-69e1df72d2f86-9457'  data-responsive-param='{\"height\":\"mobile:30px;\"}'  style=\"height:60px;\"><\/div><div class=\"fl-vc-custom-title-container text-left\" ><div class=\"fl-title-vc vc-default-title fl-font-style-bolt\" >Limpo e seguro<\/div><\/div><div class=\"fl-vc-responsive--gap cf fl-responsive-gap-69e1df72d3005-4713 fl-vc--responsive\"   data-responsive-target='fl-responsive-gap-69e1df72d3005-4713'  data-responsive-param='{\"height\":\"mobile:20px;\"}'  style=\"height:30px;\"><\/div><div class=\"fl_custom_text__block fl-custom-text-69e1df72d302d-6991\" ><p><b>A sa\u00fade dos nossos clientes \u00e9 a nossa principal prioridade<\/b> para al\u00e9m disso, tom\u00e1mos medidas especiais para manter todos os h\u00f3spedes em seguran\u00e7a durante e ap\u00f3s a sua atividade.<\/p>\n<p>Como seguimos as recomenda\u00e7\u00f5es da Dire\u00e7\u00e3o Geral de Sa\u00fade, o Manual de Boas Pr\u00e1ticas para as empresas de Turismo Mar\u00edtimo tamb\u00e9m tem a\u00a0<b>Certifica\u00e7\u00e3o Clean &amp; Safe do Turismo de Portugal.<\/b><\/p>\n<\/div><div class=\"fl-vc-responsive--gap cf fl-responsive-gap-69e1df72d307c-8501 fl-vc--responsive\"   data-responsive-target='fl-responsive-gap-69e1df72d307c-8501'  data-responsive-param='{\"height\":\"mobile:30px;\"}'  style=\"height:60px;\"><\/div><div  class=\"wpb_single_image vc_align_center\">\n                <div class=\"wpb_wrapper vc_figure\">\n\t\t\t        <div class=\"vc_single_image-wrapper\"><img loading=\"lazy\" decoding=\"async\" width=\"300\" height=\"300\" src=\"https:\/\/carneirinhosboattrips.pt\/wp-content\/uploads\/2023\/03\/SafeandClean-300x300.png\" class=\"vc_single_image-img attachment-medium\" alt=\"\" title=\"SafeandClean\" srcset=\"\" sizes=\"auto, (max-width: 300px) 100vw, 300px\" data-srcset=\"\" \/><\/div>\n\t\t        <\/div> \n\t\t   <\/div><div class=\"fl-vc-responsive--gap cf fl-responsive-gap-69e1df72d34ed-3982 fl-vc--responsive\"   data-responsive-target='fl-responsive-gap-69e1df72d34ed-3982'  data-responsive-param='{\"height\":\"mobile:30px;\"}'  style=\"height:60px;\"><\/div><div class=\"fl_custom_text__block fl-custom-text-69e1df72d3516-8294\" ><p><b>Limpeza meticulosa<\/b>\u00a0- Aumentamos a frequ\u00eancia da desinfe\u00e7\u00e3o de superf\u00edcies e \u00e1reas de grande tr\u00e1fego entre cada visita, e o desinfetante para as m\u00e3os estar\u00e1 dispon\u00edvel para todos os nossos clientes. Todos os visitantes t\u00eam de desinfetar as m\u00e3os antes da visita.<\/p>\n<p><b>Bem-estar Social<\/b>\u00a0- Todos os convidados, se necess\u00e1rio, usar\u00e3o uma m\u00e1scara durante a atividade. Al\u00e9m disso, todos os funcion\u00e1rios utilizam EPI, se necess\u00e1rio.<\/p>\n<p><b>Controlos de bem-estar<\/b> - Os empregados efectuam controlos de bem-estar para se certificarem de que est\u00e3o saud\u00e1veis. Pedimos aos h\u00f3spedes que aceitem voluntariamente medir a sua temperatura, se necess\u00e1rio. Se voc\u00ea ou algu\u00e9m do seu grupo apresentar sintomas, trabalharemos diretamente consigo para cancelar ou reagendar a sua excurs\u00e3o.<\/p>\n<\/div><div class=\"fl-vc-responsive--gap cf fl-responsive-gap-69e1df72d3574-5181 fl-vc--responsive\"   data-responsive-target='fl-responsive-gap-69e1df72d3574-5181'  data-responsive-param='{\"height\":\"mobile:30px;\"}'  style=\"height:60px;\"><\/div><\/div><\/div><\/div><\/div>\n<\/section>","protected":false},"excerpt":{"rendered":"<p>Clean and SafeOur Clients health is our top priority also we have taken special measures to keep all guests safe during and after their activity. As we follow the recommendations of the Portuguese General Health Department, the Manual of Good Practices for Maritime Tourism companies also have the\u00a0Clean &amp; Safe certification from Turismo de Portugal. <\/p>","protected":false},"author":1,"featured_media":0,"parent":0,"menu_order":0,"comment_status":"closed","ping_status":"closed","template":"","meta":{"_themeisle_gutenberg_block_has_review":false,"footnotes":""},"class_list":["post-19219","page","type-page","status-publish","hentry"],"acf":[],"yoast_head":"<!-- This site is optimized with the Yoast SEO plugin v22.6 - https:\/\/yoast.com\/wordpress\/plugins\/seo\/ -->\n<title>Clean &amp; Safe - Benagil Caves - Carneirinho&#039;s Boat Trips<\/title>\n<meta name=\"robots\" content=\"index, follow, max-snippet:-1, max-image-preview:large, max-video-preview:-1\" \/>\n<link rel=\"canonical\" href=\"https:\/\/carneirinhosboattrips.pt\/pt\/limpo-seguro\/\" \/>\n<meta property=\"og:locale\" content=\"pt_PT\" \/>\n<meta property=\"og:type\" content=\"article\" \/>\n<meta property=\"og:title\" content=\"Clean &amp; Safe - Benagil Caves - Carneirinho&#039;s Boat Trips\" \/>\n<meta property=\"og:description\" content=\"Clean and SafeOur Clients health is our top priority also we have taken special measures to keep all guests safe during and after their activity. As we follow the recommendations of the Portuguese General Health Department, the Manual of Good Practices for Maritime Tourism companies also have the\u00a0Clean &amp; Safe certification from Turismo de Portugal.\" \/>\n<meta property=\"og:url\" content=\"https:\/\/carneirinhosboattrips.pt\/pt\/limpo-seguro\/\" \/>\n<meta property=\"og:site_name\" content=\"Benagil Caves - Carneirinho&#039;s Boat Trips\" \/>\n<meta property=\"article:publisher\" content=\"https:\/\/www.facebook.com\/carneirinhosboattrips\" \/>\n<meta name=\"twitter:card\" content=\"summary_large_image\" \/>\n<meta name=\"twitter:label1\" content=\"Tempo estimado de leitura\" \/>\n\t<meta name=\"twitter:data1\" content=\"1 minuto\" \/>\n<script type=\"application\/ld+json\" class=\"yoast-schema-graph\">{\"@context\":\"https:\/\/schema.org\",\"@graph\":[{\"@type\":\"WebPage\",\"@id\":\"https:\/\/carneirinhosboattrips.pt\/clean-safe\/\",\"url\":\"https:\/\/carneirinhosboattrips.pt\/clean-safe\/\",\"name\":\"Clean & Safe - Benagil Caves - Carneirinho&#039;s Boat Trips\",\"isPartOf\":{\"@id\":\"https:\/\/carneirinhosboattrips.pt\/#website\"},\"datePublished\":\"2023-03-09T12:37:18+00:00\",\"dateModified\":\"2023-03-09T12:37:18+00:00\",\"breadcrumb\":{\"@id\":\"https:\/\/carneirinhosboattrips.pt\/clean-safe\/#breadcrumb\"},\"inLanguage\":\"pt-PT\",\"potentialAction\":[{\"@type\":\"ReadAction\",\"target\":[\"https:\/\/carneirinhosboattrips.pt\/clean-safe\/\"]}]},{\"@type\":\"BreadcrumbList\",\"@id\":\"https:\/\/carneirinhosboattrips.pt\/clean-safe\/#breadcrumb\",\"itemListElement\":[{\"@type\":\"ListItem\",\"position\":1,\"name\":\"Home\",\"item\":\"https:\/\/carneirinhosboattrips.pt\/\"},{\"@type\":\"ListItem\",\"position\":2,\"name\":\"Clean &#038; Safe\"}]},{\"@type\":\"WebSite\",\"@id\":\"https:\/\/carneirinhosboattrips.pt\/#website\",\"url\":\"https:\/\/carneirinhosboattrips.pt\/\",\"name\":\"Carneirinho's Boat Trips\",\"description\":\"\",\"publisher\":{\"@id\":\"https:\/\/carneirinhosboattrips.pt\/#organization\"},\"potentialAction\":[{\"@type\":\"SearchAction\",\"target\":{\"@type\":\"EntryPoint\",\"urlTemplate\":\"https:\/\/carneirinhosboattrips.pt\/?s={search_term_string}\"},\"query-input\":\"required name=search_term_string\"}],\"inLanguage\":\"pt-PT\"},{\"@type\":\"Organization\",\"@id\":\"https:\/\/carneirinhosboattrips.pt\/#organization\",\"name\":\"Carneirinho's Boat Trips\",\"url\":\"https:\/\/carneirinhosboattrips.pt\/\",\"logo\":{\"@type\":\"ImageObject\",\"inLanguage\":\"pt-PT\",\"@id\":\"https:\/\/carneirinhosboattrips.pt\/#\/schema\/logo\/image\/\",\"url\":\"https:\/\/carneirinhosboattrips.pt\/wp-content\/uploads\/2020\/07\/logo-website.png\",\"contentUrl\":\"https:\/\/carneirinhosboattrips.pt\/wp-content\/uploads\/2020\/07\/logo-website.png\",\"width\":1400,\"height\":700,\"caption\":\"Carneirinho's Boat Trips\"},\"image\":{\"@id\":\"https:\/\/carneirinhosboattrips.pt\/#\/schema\/logo\/image\/\"},\"sameAs\":[\"https:\/\/www.facebook.com\/carneirinhosboattrips\"]}]}<\/script>\n<!-- \/ Yoast SEO plugin. -->","yoast_head_json":{"title":"Clean & Safe - Benagil Caves - Carneirinho&#039;s Boat Trips","robots":{"index":"index","follow":"follow","max-snippet":"max-snippet:-1","max-image-preview":"max-image-preview:large","max-video-preview":"max-video-preview:-1"},"canonical":"https:\/\/carneirinhosboattrips.pt\/pt\/limpo-seguro\/","og_locale":"pt_PT","og_type":"article","og_title":"Clean & Safe - Benagil Caves - Carneirinho&#039;s Boat Trips","og_description":"Clean and SafeOur Clients health is our top priority also we have taken special measures to keep all guests safe during and after their activity. As we follow the recommendations of the Portuguese General Health Department, the Manual of Good Practices for Maritime Tourism companies also have the\u00a0Clean &amp; Safe certification from Turismo de Portugal.","og_url":"https:\/\/carneirinhosboattrips.pt\/pt\/limpo-seguro\/","og_site_name":"Benagil Caves - Carneirinho&#039;s Boat Trips","article_publisher":"https:\/\/www.facebook.com\/carneirinhosboattrips","twitter_card":"summary_large_image","twitter_misc":{"Tempo estimado de leitura":"1 minuto"},"schema":{"@context":"https:\/\/schema.org","@graph":[{"@type":"WebPage","@id":"https:\/\/carneirinhosboattrips.pt\/clean-safe\/","url":"https:\/\/carneirinhosboattrips.pt\/clean-safe\/","name":"Clean & Safe - Benagil Caves - Carneirinho&#039;s Boat Trips","isPartOf":{"@id":"https:\/\/carneirinhosboattrips.pt\/#website"},"datePublished":"2023-03-09T12:37:18+00:00","dateModified":"2023-03-09T12:37:18+00:00","breadcrumb":{"@id":"https:\/\/carneirinhosboattrips.pt\/clean-safe\/#breadcrumb"},"inLanguage":"pt-PT","potentialAction":[{"@type":"ReadAction","target":["https:\/\/carneirinhosboattrips.pt\/clean-safe\/"]}]},{"@type":"BreadcrumbList","@id":"https:\/\/carneirinhosboattrips.pt\/clean-safe\/#breadcrumb","itemListElement":[{"@type":"ListItem","position":1,"name":"Home","item":"https:\/\/carneirinhosboattrips.pt\/"},{"@type":"ListItem","position":2,"name":"Clean &#038; Safe"}]},{"@type":"WebSite","@id":"https:\/\/carneirinhosboattrips.pt\/#website","url":"https:\/\/carneirinhosboattrips.pt\/","name":"Carneirinho's Boat Trips","description":"","publisher":{"@id":"https:\/\/carneirinhosboattrips.pt\/#organization"},"potentialAction":[{"@type":"SearchAction","target":{"@type":"EntryPoint","urlTemplate":"https:\/\/carneirinhosboattrips.pt\/?s={search_term_string}"},"query-input":"required name=search_term_string"}],"inLanguage":"pt-PT"},{"@type":"Organization","@id":"https:\/\/carneirinhosboattrips.pt\/#organization","name":"Carneirinho's Boat Trips","url":"https:\/\/carneirinhosboattrips.pt\/","logo":{"@type":"ImageObject","inLanguage":"pt-PT","@id":"https:\/\/carneirinhosboattrips.pt\/#\/schema\/logo\/image\/","url":"https:\/\/carneirinhosboattrips.pt\/wp-content\/uploads\/2020\/07\/logo-website.png","contentUrl":"https:\/\/carneirinhosboattrips.pt\/wp-content\/uploads\/2020\/07\/logo-website.png","width":1400,"height":700,"caption":"Carneirinho's Boat Trips"},"image":{"@id":"https:\/\/carneirinhosboattrips.pt\/#\/schema\/logo\/image\/"},"sameAs":["https:\/\/www.facebook.com\/carneirinhosboattrips"]}]}},"_links":{"self":[{"href":"https:\/\/carneirinhosboattrips.pt\/pt\/wp-json\/wp\/v2\/pages\/19219","targetHints":{"allow":["GET"]}}],"collection":[{"href":"https:\/\/carneirinhosboattrips.pt\/pt\/wp-json\/wp\/v2\/pages"}],"about":[{"href":"https:\/\/carneirinhosboattrips.pt\/pt\/wp-json\/wp\/v2\/types\/page"}],"author":[{"embeddable":true,"href":"https:\/\/carneirinhosboattrips.pt\/pt\/wp-json\/wp\/v2\/users\/1"}],"replies":[{"embeddable":true,"href":"https:\/\/carneirinhosboattrips.pt\/pt\/wp-json\/wp\/v2\/comments?post=19219"}],"version-history":[{"count":4,"href":"https:\/\/carneirinhosboattrips.pt\/pt\/wp-json\/wp\/v2\/pages\/19219\/revisions"}],"predecessor-version":[{"id":19227,"href":"https:\/\/carneirinhosboattrips.pt\/pt\/wp-json\/wp\/v2\/pages\/19219\/revisions\/19227"}],"wp:attachment":[{"href":"https:\/\/carneirinhosboattrips.pt\/pt\/wp-json\/wp\/v2\/media?parent=19219"}],"curies":[{"name":"wp","href":"https:\/\/api.w.org\/{rel}","templated":true}]}}