{"id":19203,"date":"2023-03-08T18:08:43","date_gmt":"2023-03-08T18:08:43","guid":{"rendered":"https:\/\/carneirinhosboattrips.pt\/?page_id=19203"},"modified":"2023-03-09T11:46:34","modified_gmt":"2023-03-09T11:46:34","slug":"terms-and-conditions","status":"publish","type":"page","link":"https:\/\/carneirinhosboattrips.pt\/pt\/termos-e-condicoes\/","title":{"rendered":"Termos e condi\u00e7\u00f5es"},"content":{"rendered":"<section class=\"wpb-content-wrapper\"><div class=\"vc_row wpb_row vc_row-fluid\"><div class=\"wpb_column vc_column_container vc_col-sm-12\"><div class=\"vc_column-inner\"><div class=\"wpb_wrapper\"><div class=\"fl-vc-responsive--gap cf fl-responsive-gap-69f41e1f487a1-4253 fl-vc--responsive\"   data-responsive-target='fl-responsive-gap-69f41e1f487a1-4253'  data-responsive-param='{\"height\":\"mobile:30px;\"}'  style=\"height:60px;\"><\/div><div class=\"fl-vc-custom-title-container text-left\" ><div class=\"fl-title-vc vc-default-title fl-font-style-bolt\" ><strong>Termos e condi\u00e7\u00f5es gerais<\/strong><\/div><\/div><div class=\"fl-vc-responsive--gap cf fl-responsive-gap-69f41e1f48825-9323 fl-vc--responsive\"   data-responsive-target='fl-responsive-gap-69f41e1f48825-9323'  data-responsive-param='{\"height\":\"mobile:20px;\"}'  style=\"height:30px;\"><\/div><div class=\"fl_custom_text__block fl-custom-text-69f41e1f4884f-3665\" ><p>O check-in dever\u00e1 ser efectuado at\u00e9 15 minutos antes da atividade, no balc\u00e3o de atendimento da Carneirinho's Boat Trips na Zona de Embarque em Portim\u00e3o, Cais Vasco da Gama.<\/p>\n<p>IVA inclu\u00eddo \u00e0 taxa legal em vigor.<\/p>\n<p>A Carneirinho's Boat Trips reserva-se o direito de alterar os PVP.<\/p>\n<p>A Carneirinho's Boat Trips n\u00e3o se responsabiliza pela perda de bens pessoais durante as actividades.<\/p>\n<p>O check-in\/embarque ser\u00e1 recusado aos clientes que se apresentem sob o efeito de \u00e1lcool ou de estupefacientes.<\/p>\n<p>Com a compra do bilhete, a Carneirinho's Boat Trips fica autorizada a captar e divulgar as fotografias obtidas no \u00e2mbito do evento a que o bilhete se refere.<\/p>\n<p>Se n\u00e3o autorizar a recolha e utiliza\u00e7\u00e3o de fotografias e v\u00eddeos com a sua imagem, deve, para o efeito, fazer esta declara\u00e7\u00e3o expressa no balc\u00e3o de check-in.<\/p>\n<p>Todos os nossos equipamentos cumprem as normas europeias de seguran\u00e7a.<\/p>\n<p>A nossa empresa tem todos os seguros obrigat\u00f3rios, est\u00e1 licenciada pelo Turismo de Portugal (RNAAT n\u00ba 39\/2018).<\/p>\n<p>Os dados pessoais recolhidos pela Carneirinho's Boat Trips durante o processo de reserva destinam-se \u00fanica e exclusivamente ao seu processamento e ao check-in do cliente. Os dados do cliente n\u00e3o ser\u00e3o utilizados para qualquer outra finalidade, exceto se o cliente autorizar a utiliza\u00e7\u00e3o dos dados para efeitos de Email Marketing.<\/p>\n<\/div><div class=\"fl-vc-responsive--gap cf fl-responsive-gap-69f41e1f488c7-4067 fl-vc--responsive\"   data-responsive-target='fl-responsive-gap-69f41e1f488c7-4067'  data-responsive-param='{\"height\":\"mobile:30px;\"}'  style=\"height:60px;\"><\/div><div class=\"fl-vc-custom-title-container text-left\" ><div class=\"fl-title-vc vc-default-title fl-font-style-bolt\" ><strong>Pol\u00edticas de cancelamento<\/strong><\/div><\/div><div class=\"fl-vc-responsive--gap cf fl-responsive-gap-69f41e1f4892c-1211 fl-vc--responsive\"   data-responsive-target='fl-responsive-gap-69f41e1f4892c-1211'  data-responsive-param='{\"height\":\"mobile:20px;\"}'  style=\"height:30px;\"><\/div><div class=\"fl_custom_text__block fl-custom-text-69f41e1f4894f-2076\" ><p>Os clientes receber\u00e3o um reembolso total ou cr\u00e9dito com um aviso de cancelamento com 24 horas de anteced\u00eancia.<\/p>\n<p>Os clientes receber\u00e3o tamb\u00e9m um reembolso total ou um cr\u00e9dito em caso de cancelamento do operador devido \u00e0s condi\u00e7\u00f5es climat\u00e9ricas ou a outras circunst\u00e2ncias imprevistas.<\/p>\n<p>Contacte-nos por telefone para cancelar ou obter informa\u00e7\u00f5es sobre um cancelamento.<\/p>\n<p>Em caso de n\u00e3o compar\u00eancia, ser\u00e1 cobrado o pre\u00e7o total.<\/p>\n<\/div><div class=\"fl-vc-responsive--gap cf fl-responsive-gap-69f41e1f48997-2813 fl-vc--responsive\"   data-responsive-target='fl-responsive-gap-69f41e1f48997-2813'  data-responsive-param='{\"height\":\"mobile:30px;\"}'  style=\"height:60px;\"><\/div><div class=\"fl-vc-custom-title-container text-left\" ><div class=\"fl-title-vc vc-default-title fl-font-style-bolt\" ><strong>Pol\u00edtica de Privacidade e Termos e Condi\u00e7\u00f5es Gerais de Utiliza\u00e7\u00e3o<\/strong><\/div><\/div><div class=\"fl-vc-responsive--gap cf fl-responsive-gap-69f41e1f489f8-3567 fl-vc--responsive\"   data-responsive-target='fl-responsive-gap-69f41e1f489f8-3567'  data-responsive-param='{\"height\":\"mobile:20px;\"}'  style=\"height:30px;\"><\/div><div class=\"fl_custom_text__block fl-custom-text-69f41e1f48a1a-3055\" ><p>O site Carneirinho's Boat Trips \u00e9 propriedade de Rui Miguel Cabrita Reis, com sede na Praceta Padre Vieira, Urbaniza\u00e7\u00e3o Lagoa Sol, Lote 24, 2\u00ba Esq, Lagoa, e \u00e9 a entidade respons\u00e1vel pelo tratamento dos dados pessoais que sejam fornecidos diretamente pelo utilizador ou recolhidos durante o acesso e navega\u00e7\u00e3o do utilizador neste site.<\/p>\n<p>A presente Pol\u00edtica de Privacidade visa esclarecer os utilizadores sobre os dados recolhidos e o motivo dessa pr\u00e1tica, bem como as medidas que os utilizadores podem adotar no sentido de retificar ou eliminar a informa\u00e7\u00e3o sobre os dados recolhidos.<\/p>\n<\/div><div class=\"fl-vc-responsive--gap cf fl-responsive-gap-69f41e1f48a5b-7293 fl-vc--responsive\"   data-responsive-target='fl-responsive-gap-69f41e1f48a5b-7293'  data-responsive-param='{\"height\":\"mobile:30px;\"}'  style=\"height:60px;\"><\/div><div class=\"fl-vc-custom-title-container text-left\" ><div class=\"fl-title-vc vc-default-title fl-font-style-bolt\" ><strong>UTILIZA\u00c7\u00c3O DE DADOS PESSOAIS<\/strong><\/div><\/div><div class=\"fl-vc-responsive--gap cf fl-responsive-gap-69f41e1f48abe-8424 fl-vc--responsive\"   data-responsive-target='fl-responsive-gap-69f41e1f48abe-8424'  data-responsive-param='{\"height\":\"mobile:20px;\"}'  style=\"height:30px;\"><\/div><div class=\"fl_custom_text__block fl-custom-text-69f41e1f48adf-3723\" ><p>O site da Carneirinho's Boat Trips recolhe dados dos utilizadores que navegam no site ou que enviam mensagens atrav\u00e9s do formul\u00e1rio de contacto existente no site.<\/p>\n<p>O website da Carneirinho's Boat Trips tamb\u00e9m recolhe informa\u00e7\u00e3o atrav\u00e9s da utiliza\u00e7\u00e3o de Cookies.<\/p>\n<p>O site Carneirinho's Boat Trips garante que os seus dados pessoais n\u00e3o ser\u00e3o reutilizados para fins diferentes daqueles para que foram recolhidos.<\/p>\n<p>Os dados pessoais recolhidos ser\u00e3o conservados apenas durante o per\u00edodo necess\u00e1rio para cumprir a finalidade a que se destinam, ap\u00f3s o que ser\u00e3o definitivamente apagados.<\/p>\n<p>Ao aceitar os Termos e Condi\u00e7\u00f5es e a Pol\u00edtica de Privacidade, o utilizador consente na recolha destes dados.<\/p>\n<\/div><div class=\"fl-vc-responsive--gap cf fl-responsive-gap-69f41e1f48b2b-4916 fl-vc--responsive\"   data-responsive-target='fl-responsive-gap-69f41e1f48b2b-4916'  data-responsive-param='{\"height\":\"mobile:30px;\"}'  style=\"height:60px;\"><\/div><div class=\"fl-vc-custom-title-container text-left\" ><div class=\"fl-title-vc vc-default-title fl-font-style-bolt\" ><strong>DADOS PESSOAIS RECOLHIDOS<\/strong><\/div><\/div><div class=\"fl-vc-responsive--gap cf fl-responsive-gap-69f41e1f48bb1-1902 fl-vc--responsive\"   data-responsive-target='fl-responsive-gap-69f41e1f48bb1-1902'  data-responsive-param='{\"height\":\"mobile:20px;\"}'  style=\"height:30px;\"><\/div><div class=\"fl_custom_text__block fl-custom-text-69f41e1f48bd3-157\" ><p>O site Carneirinho's Boat Trips recolhe informa\u00e7\u00e3o t\u00e9cnica do dispositivo do utilizador sempre que este visita o site. A informa\u00e7\u00e3o \u00e9 obtida atrav\u00e9s do navegador de Internet e refere-se ao endere\u00e7o IP, sistema operativo e motor de busca utilizados, resolu\u00e7\u00e3o do ecr\u00e3 e sites de refer\u00eancia.<\/p>\n<p>Os dados pessoais do utilizador podem tamb\u00e9m ser recolhidos atrav\u00e9s do formul\u00e1rio de contacto do s\u00edtio Web.<\/p>\n<p>A Carneirinho's Boat Trips n\u00e3o vende, aluga ou partilha os seus dados pessoais com terceiros.<\/p>\n<p>Os servi\u00e7os do website n\u00e3o s\u00e3o dirigidos a menores e os dados pessoais dos menores n\u00e3o s\u00e3o tratados intencionalmente.<\/p>\n<\/div><div class=\"fl-vc-responsive--gap cf fl-responsive-gap-69f41e1f48c1a-2494 fl-vc--responsive\"   data-responsive-target='fl-responsive-gap-69f41e1f48c1a-2494'  data-responsive-param='{\"height\":\"mobile:30px;\"}'  style=\"height:60px;\"><\/div><div class=\"fl-vc-custom-title-container text-left\" ><div class=\"fl-title-vc vc-default-title fl-font-style-bolt\" ><strong>COOKIES<\/strong><\/div><\/div><div class=\"fl-vc-responsive--gap cf fl-responsive-gap-69f41e1f48c89-6349 fl-vc--responsive\"   data-responsive-target='fl-responsive-gap-69f41e1f48c89-6349'  data-responsive-param='{\"height\":\"mobile:20px;\"}'  style=\"height:30px;\"><\/div><div class=\"fl_custom_text__block fl-custom-text-69f41e1f48cb9-9570\" ><p>A Carneirinho's Boat Trips recolhe automaticamente informa\u00e7\u00e3o do computador de quem visita o site atrav\u00e9s da utiliza\u00e7\u00e3o de Cookies.<\/p>\n<ul>\n<li>Os cookies s\u00e3o pequenos peda\u00e7os de informa\u00e7\u00e3o que podem ajudar a identificar o seu browser e que podem armazenar informa\u00e7\u00f5es, por exemplo, defini\u00e7\u00f5es e prefer\u00eancias do utilizador.<\/li>\n<\/ul>\n<p>A Carneirinho's Boat Trips pode armazenar cookies no seu dispositivo para personalizar e facilitar a navega\u00e7\u00e3o, bem como para fins estat\u00edsticos, n\u00e3o fornecendo esses mesmos Cookies, refer\u00eancias ou dados pessoais do Utilizador.<\/p>\n<p>O website da Carneirinho's Boat Trips utiliza <u>tr\u00eas tipos de cookies<\/u>:<\/p>\n<ul>\n<li><em>Cookies simples:<\/em>\u00a0Estes cookies s\u00e3o necess\u00e1rios para que o website funcione eficazmente, registam o percurso do utilizador durante a sua visita sem o identificar e s\u00e3o automaticamente eliminados quando o utilizador sai do s\u00edtio.<\/li>\n<li><em>Cookies persistentes:<\/em>\u00a0Estes Cookies n\u00e3o s\u00e3o essenciais para o funcionamento do site mas permitem identificar os utilizadores sempre que estes acedem \u00e0s p\u00e1ginas, optimizando a sua experi\u00eancia de navega\u00e7\u00e3o. Os cookies persistentes permanecem no computador at\u00e9 serem apagados pelo utilizador.<\/li>\n<li><em>Cookies anal\u00edticos:<\/em>\u00a0Estes cookies s\u00e3o utilizados para analisar a forma como os utilizadores usam o site e monitorizar o seu desempenho. Estes cookies s\u00e3o utilizados apenas para efeitos de cria\u00e7\u00e3o e an\u00e1lise estat\u00edstica, sem nunca recolher informa\u00e7\u00e3o de car\u00e1cter pessoal.<\/li>\n<\/ul>\n<p>O browser no seu dispositivo permite-lhe restringir a utiliza\u00e7\u00e3o de Cookies simples, Cookies persistentes ou qualquer outro tipo de Cookie. Se o utilizador optar por n\u00e3o permitir Cookies simples, poder\u00e1 n\u00e3o conseguir utilizar o nosso s\u00edtio ou determinadas funcionalidades.<\/p>\n<p>Para al\u00e9m dos cookies, podemos tamb\u00e9m utilizar pixel tags que nos permitem seguir os passos dos utilizadores do nosso website. Estes marcadores n\u00e3o recolhem informa\u00e7\u00f5es pessoais e s\u00e3o utilizados para recolher dados para fins estat\u00edsticos.<\/p>\n<\/div><div class=\"fl-vc-responsive--gap cf fl-responsive-gap-69f41e1f48d5a-8436 fl-vc--responsive\"   data-responsive-target='fl-responsive-gap-69f41e1f48d5a-8436'  data-responsive-param='{\"height\":\"mobile:30px;\"}'  style=\"height:60px;\"><\/div><div class=\"fl-vc-custom-title-container text-left\" ><div class=\"fl-title-vc vc-default-title fl-font-style-bolt\" ><strong>UTILIZA\u00c7\u00c3O DOS DADOS RECOLHIDOS:<\/strong><\/div><\/div><div class=\"fl-vc-responsive--gap cf fl-responsive-gap-69f41e1f48db8-2262 fl-vc--responsive\"   data-responsive-target='fl-responsive-gap-69f41e1f48db8-2262'  data-responsive-param='{\"height\":\"mobile:20px;\"}'  style=\"height:30px;\"><\/div><div class=\"fl_custom_text__block fl-custom-text-69f41e1f48ddb-4152\" ><ul>\n<li>Otimizar a visita do utilizador;<\/li>\n<li>Responder a pedidos dos utilizadores, nomeadamente mensagens enviadas atrav\u00e9s do formul\u00e1rio de contacto ou subscri\u00e7\u00e3o de newsletters;<\/li>\n<li>Finalidades estat\u00edsticas dos dados de navega\u00e7\u00e3o;<\/li>\n<li>Melhorar a experi\u00eancia de navega\u00e7\u00e3o do utilizador atrav\u00e9s de informa\u00e7\u00f5es recolhidas por meio de cookies e outras tecnologias, como pixel tags.<\/li>\n<\/ul>\n<\/div><div class=\"fl-vc-responsive--gap cf fl-responsive-gap-69f41e1f48e36-1950 fl-vc--responsive\"   data-responsive-target='fl-responsive-gap-69f41e1f48e36-1950'  data-responsive-param='{\"height\":\"mobile:30px;\"}'  style=\"height:60px;\"><\/div><div class=\"fl-vc-custom-title-container text-left\" ><div class=\"fl-title-vc vc-default-title fl-font-style-bolt\" ><strong>DIREITOS DO UTILIZADOR<\/strong><\/div><\/div><div class=\"fl-vc-responsive--gap cf fl-responsive-gap-69f41e1f48e93-2110 fl-vc--responsive\"   data-responsive-target='fl-responsive-gap-69f41e1f48e93-2110'  data-responsive-param='{\"height\":\"mobile:20px;\"}'  style=\"height:30px;\"><\/div><div class=\"fl_custom_text__block fl-custom-text-69f41e1f48eb6-5628\" ><p>O utilizador tem o direito de aceder, atualizar, retificar, eliminar, limitar e opor-se ao tratamento dos seus dados, bem como o direito de solicitar a sua portabilidade, atrav\u00e9s de um pedido escrito enviado para o email: info@carneirinhosboattrips.com<\/p>\n<p>Tem ainda o direito de apresentar uma reclama\u00e7\u00e3o relativa ao tratamento dos seus dados junto da CNPD - Comiss\u00e3o Nacional de Prote\u00e7\u00e3o de Dados.<\/p>\n<\/div><div class=\"fl-vc-responsive--gap cf fl-responsive-gap-69f41e1f48eef-7688 fl-vc--responsive\"   data-responsive-target='fl-responsive-gap-69f41e1f48eef-7688'  data-responsive-param='{\"height\":\"mobile:30px;\"}'  style=\"height:60px;\"><\/div><div class=\"fl-vc-custom-title-container text-left\" ><div class=\"fl-title-vc vc-default-title fl-font-style-bolt\" ><strong>PER\u00cdODO DE CONSERVA\u00c7\u00c3O DOS DADOS<\/strong><\/div><\/div><div class=\"fl-vc-responsive--gap cf fl-responsive-gap-69f41e1f48f71-8611 fl-vc--responsive\"   data-responsive-target='fl-responsive-gap-69f41e1f48f71-8611'  data-responsive-param='{\"height\":\"mobile:20px;\"}'  style=\"height:30px;\"><\/div><div class=\"fl_custom_text__block fl-custom-text-69f41e1f48f93-3801\" ><p>Os seus dados pessoais ser\u00e3o conservados apenas durante o tempo necess\u00e1rio para os fins a que se destinam, tal como estabelecido na presente Pol\u00edtica de Privacidade.<\/p>\n<p>Todos os dados que nos forem fornecidos ou recolhidos por n\u00f3s nos termos da presente Pol\u00edtica de Privacidade ser\u00e3o eliminados ap\u00f3s um ano de recolha.<\/p>\n<\/div><div class=\"fl-vc-responsive--gap cf fl-responsive-gap-69f41e1f48fcb-1133 fl-vc--responsive\"   data-responsive-target='fl-responsive-gap-69f41e1f48fcb-1133'  data-responsive-param='{\"height\":\"mobile:30px;\"}'  style=\"height:60px;\"><\/div><div class=\"fl-vc-custom-title-container text-left\" ><div class=\"fl-title-vc vc-default-title fl-font-style-bolt\" ><strong>DADOS PESSOAIS COMUNICADOS A TERCEIROS<\/strong><\/div><\/div><div class=\"fl-vc-responsive--gap cf fl-responsive-gap-69f41e1f49025-8084 fl-vc--responsive\"   data-responsive-target='fl-responsive-gap-69f41e1f49025-8084'  data-responsive-param='{\"height\":\"mobile:20px;\"}'  style=\"height:30px;\"><\/div><div class=\"fl_custom_text__block fl-custom-text-69f41e1f49046-7395\" ><p>A Carneirinho's Boat Trips poder\u00e1 recorrer a outras entidades para a presta\u00e7\u00e3o de determinados servi\u00e7os, ao n\u00edvel da manuten\u00e7\u00e3o, apoio t\u00e9cnico, marketing, que poder\u00e3o ter acesso a alguns dos dados pessoais necess\u00e1rios \u00e0 presta\u00e7\u00e3o do servi\u00e7o contratado.<\/p>\n<p>A Carneirinho's Boat Trips pode ainda transmitir dados a terceiros no \u00e2mbito de investiga\u00e7\u00f5es, inqu\u00e9ritos e processos judiciais e\/ou administrativos ou de natureza semelhante, desde que para tal seja devidamente ordenada por ordem judicial nesse sentido.<\/p>\n<\/div><div class=\"fl-vc-responsive--gap cf fl-responsive-gap-69f41e1f4907f-1740 fl-vc--responsive\"   data-responsive-target='fl-responsive-gap-69f41e1f4907f-1740'  data-responsive-param='{\"height\":\"mobile:30px;\"}'  style=\"height:60px;\"><\/div><div class=\"fl-vc-custom-title-container text-left\" ><div class=\"fl-title-vc vc-default-title fl-font-style-bolt\" ><strong>ALTERA\u00c7\u00d5ES \u00c0 POL\u00cdTICA DE PRIVACIDADE<\/strong><\/div><\/div><div class=\"fl-vc-responsive--gap cf fl-responsive-gap-69f41e1f490d7-1889 fl-vc--responsive\"   data-responsive-target='fl-responsive-gap-69f41e1f490d7-1889'  data-responsive-param='{\"height\":\"mobile:20px;\"}'  style=\"height:30px;\"><\/div><div class=\"fl_custom_text__block fl-custom-text-69f41e1f490f8-4259\" ><p>A Carneirinho's Boat Trips reserva-se o direito de alterar a sua Pol\u00edtica de Privacidade a qualquer momento, pelo que aconselhamos a sua leitura regular.<\/p>\n<\/div><div class=\"fl-vc-responsive--gap cf fl-responsive-gap-69f41e1f49128-6813 fl-vc--responsive\"   data-responsive-target='fl-responsive-gap-69f41e1f49128-6813'  data-responsive-param='{\"height\":\"mobile:30px;\"}'  style=\"height:60px;\"><\/div><div class=\"fl-vc-custom-title-container text-left\" ><div class=\"fl-title-vc vc-default-title fl-font-style-bolt\" ><strong>DADOS DE CONTACTO<\/strong><\/div><\/div><div class=\"fl-vc-responsive--gap cf fl-responsive-gap-69f41e1f49180-5793 fl-vc--responsive\"   data-responsive-target='fl-responsive-gap-69f41e1f49180-5793'  data-responsive-param='{\"height\":\"mobile:20px;\"}'  style=\"height:30px;\"><\/div><div class=\"fl_custom_text__block fl-custom-text-69f41e1f491a1-5578\" ><p>Se tiver d\u00favidas ou preocupa\u00e7\u00f5es sobre esta Pol\u00edtica de Privacidade ou sobre as pr\u00e1ticas de privacidade da Carneirinho's Boat Trips, contacte-nos. Utilize o seguinte e-mail: info@carneirinhosboattrips.com<\/p>\n<\/div><div class=\"fl-vc-responsive--gap cf fl-responsive-gap-69f41e1f491d0-1841 fl-vc--responsive\"   data-responsive-target='fl-responsive-gap-69f41e1f491d0-1841'  data-responsive-param='{\"height\":\"mobile:30px;\"}'  style=\"height:60px;\"><\/div><\/div><\/div><\/div><\/div>\n<\/section>","protected":false},"excerpt":{"rendered":"<p>General Terms and ConditionsCheck-in must be done up to 15 minutes before the activity, at the service desk of Carneirinho&#8217;s Boat Trips in the Boarding Area at Portim\u00e3o, Cais Vasco da Gama. VAT included at the current legal rate. Carneirinho&#8217;s Boat Trips reserves the right to change the PVPs. Carneirinho&#8217;s Boat Trips is not responsible <\/p>","protected":false},"author":1,"featured_media":0,"parent":0,"menu_order":0,"comment_status":"closed","ping_status":"closed","template":"","meta":{"_themeisle_gutenberg_block_has_review":false,"footnotes":""},"class_list":["post-19203","page","type-page","status-publish","hentry"],"acf":[],"yoast_head":"<!-- This site is optimized with the Yoast SEO plugin v22.6 - https:\/\/yoast.com\/wordpress\/plugins\/seo\/ -->\n<title>Terms and Conditions - Benagil Caves - Carneirinho&#039;s Boat Trips<\/title>\n<meta name=\"robots\" content=\"index, follow, max-snippet:-1, max-image-preview:large, max-video-preview:-1\" \/>\n<link rel=\"canonical\" href=\"https:\/\/carneirinhosboattrips.pt\/pt\/termos-e-condicoes\/\" \/>\n<meta property=\"og:locale\" content=\"pt_PT\" \/>\n<meta property=\"og:type\" content=\"article\" \/>\n<meta property=\"og:title\" content=\"Terms and Conditions - Benagil Caves - Carneirinho&#039;s Boat Trips\" \/>\n<meta property=\"og:description\" content=\"General Terms and ConditionsCheck-in must be done up to 15 minutes before the activity, at the service desk of Carneirinho&#8217;s Boat Trips in the Boarding Area at Portim\u00e3o, Cais Vasco da Gama. VAT included at the current legal rate. Carneirinho&#8217;s Boat Trips reserves the right to change the PVPs. Carneirinho&#8217;s Boat Trips is not responsible\" \/>\n<meta property=\"og:url\" content=\"https:\/\/carneirinhosboattrips.pt\/pt\/termos-e-condicoes\/\" \/>\n<meta property=\"og:site_name\" content=\"Benagil Caves - Carneirinho&#039;s Boat Trips\" \/>\n<meta property=\"article:publisher\" content=\"https:\/\/www.facebook.com\/carneirinhosboattrips\" \/>\n<meta property=\"article:modified_time\" content=\"2023-03-09T11:46:34+00:00\" \/>\n<meta name=\"twitter:card\" content=\"summary_large_image\" \/>\n<meta name=\"twitter:label1\" content=\"Tempo estimado de leitura\" \/>\n\t<meta name=\"twitter:data1\" content=\"6 minutos\" \/>\n<script type=\"application\/ld+json\" class=\"yoast-schema-graph\">{\"@context\":\"https:\/\/schema.org\",\"@graph\":[{\"@type\":\"WebPage\",\"@id\":\"https:\/\/carneirinhosboattrips.pt\/terms-and-conditions\/\",\"url\":\"https:\/\/carneirinhosboattrips.pt\/terms-and-conditions\/\",\"name\":\"Terms and Conditions - Benagil Caves - Carneirinho&#039;s Boat Trips\",\"isPartOf\":{\"@id\":\"https:\/\/carneirinhosboattrips.pt\/#website\"},\"datePublished\":\"2023-03-08T18:08:43+00:00\",\"dateModified\":\"2023-03-09T11:46:34+00:00\",\"breadcrumb\":{\"@id\":\"https:\/\/carneirinhosboattrips.pt\/terms-and-conditions\/#breadcrumb\"},\"inLanguage\":\"pt-PT\",\"potentialAction\":[{\"@type\":\"ReadAction\",\"target\":[\"https:\/\/carneirinhosboattrips.pt\/terms-and-conditions\/\"]}]},{\"@type\":\"BreadcrumbList\",\"@id\":\"https:\/\/carneirinhosboattrips.pt\/terms-and-conditions\/#breadcrumb\",\"itemListElement\":[{\"@type\":\"ListItem\",\"position\":1,\"name\":\"Home\",\"item\":\"https:\/\/carneirinhosboattrips.pt\/\"},{\"@type\":\"ListItem\",\"position\":2,\"name\":\"Terms and Conditions\"}]},{\"@type\":\"WebSite\",\"@id\":\"https:\/\/carneirinhosboattrips.pt\/#website\",\"url\":\"https:\/\/carneirinhosboattrips.pt\/\",\"name\":\"Carneirinho's Boat Trips\",\"description\":\"\",\"publisher\":{\"@id\":\"https:\/\/carneirinhosboattrips.pt\/#organization\"},\"potentialAction\":[{\"@type\":\"SearchAction\",\"target\":{\"@type\":\"EntryPoint\",\"urlTemplate\":\"https:\/\/carneirinhosboattrips.pt\/?s={search_term_string}\"},\"query-input\":\"required name=search_term_string\"}],\"inLanguage\":\"pt-PT\"},{\"@type\":\"Organization\",\"@id\":\"https:\/\/carneirinhosboattrips.pt\/#organization\",\"name\":\"Carneirinho's Boat Trips\",\"url\":\"https:\/\/carneirinhosboattrips.pt\/\",\"logo\":{\"@type\":\"ImageObject\",\"inLanguage\":\"pt-PT\",\"@id\":\"https:\/\/carneirinhosboattrips.pt\/#\/schema\/logo\/image\/\",\"url\":\"https:\/\/carneirinhosboattrips.pt\/wp-content\/uploads\/2020\/07\/logo-website.png\",\"contentUrl\":\"https:\/\/carneirinhosboattrips.pt\/wp-content\/uploads\/2020\/07\/logo-website.png\",\"width\":1400,\"height\":700,\"caption\":\"Carneirinho's Boat Trips\"},\"image\":{\"@id\":\"https:\/\/carneirinhosboattrips.pt\/#\/schema\/logo\/image\/\"},\"sameAs\":[\"https:\/\/www.facebook.com\/carneirinhosboattrips\"]}]}<\/script>\n<!-- \/ Yoast SEO plugin. -->","yoast_head_json":{"title":"Terms and Conditions - Benagil Caves - Carneirinho&#039;s Boat Trips","robots":{"index":"index","follow":"follow","max-snippet":"max-snippet:-1","max-image-preview":"max-image-preview:large","max-video-preview":"max-video-preview:-1"},"canonical":"https:\/\/carneirinhosboattrips.pt\/pt\/termos-e-condicoes\/","og_locale":"pt_PT","og_type":"article","og_title":"Terms and Conditions - Benagil Caves - Carneirinho&#039;s Boat Trips","og_description":"General Terms and ConditionsCheck-in must be done up to 15 minutes before the activity, at the service desk of Carneirinho&#8217;s Boat Trips in the Boarding Area at Portim\u00e3o, Cais Vasco da Gama. VAT included at the current legal rate. Carneirinho&#8217;s Boat Trips reserves the right to change the PVPs. Carneirinho&#8217;s Boat Trips is not responsible","og_url":"https:\/\/carneirinhosboattrips.pt\/pt\/termos-e-condicoes\/","og_site_name":"Benagil Caves - Carneirinho&#039;s Boat Trips","article_publisher":"https:\/\/www.facebook.com\/carneirinhosboattrips","article_modified_time":"2023-03-09T11:46:34+00:00","twitter_card":"summary_large_image","twitter_misc":{"Tempo estimado de leitura":"6 minutos"},"schema":{"@context":"https:\/\/schema.org","@graph":[{"@type":"WebPage","@id":"https:\/\/carneirinhosboattrips.pt\/terms-and-conditions\/","url":"https:\/\/carneirinhosboattrips.pt\/terms-and-conditions\/","name":"Terms and Conditions - Benagil Caves - Carneirinho&#039;s Boat Trips","isPartOf":{"@id":"https:\/\/carneirinhosboattrips.pt\/#website"},"datePublished":"2023-03-08T18:08:43+00:00","dateModified":"2023-03-09T11:46:34+00:00","breadcrumb":{"@id":"https:\/\/carneirinhosboattrips.pt\/terms-and-conditions\/#breadcrumb"},"inLanguage":"pt-PT","potentialAction":[{"@type":"ReadAction","target":["https:\/\/carneirinhosboattrips.pt\/terms-and-conditions\/"]}]},{"@type":"BreadcrumbList","@id":"https:\/\/carneirinhosboattrips.pt\/terms-and-conditions\/#breadcrumb","itemListElement":[{"@type":"ListItem","position":1,"name":"Home","item":"https:\/\/carneirinhosboattrips.pt\/"},{"@type":"ListItem","position":2,"name":"Terms and Conditions"}]},{"@type":"WebSite","@id":"https:\/\/carneirinhosboattrips.pt\/#website","url":"https:\/\/carneirinhosboattrips.pt\/","name":"Carneirinho's Boat Trips","description":"","publisher":{"@id":"https:\/\/carneirinhosboattrips.pt\/#organization"},"potentialAction":[{"@type":"SearchAction","target":{"@type":"EntryPoint","urlTemplate":"https:\/\/carneirinhosboattrips.pt\/?s={search_term_string}"},"query-input":"required name=search_term_string"}],"inLanguage":"pt-PT"},{"@type":"Organization","@id":"https:\/\/carneirinhosboattrips.pt\/#organization","name":"Carneirinho's Boat Trips","url":"https:\/\/carneirinhosboattrips.pt\/","logo":{"@type":"ImageObject","inLanguage":"pt-PT","@id":"https:\/\/carneirinhosboattrips.pt\/#\/schema\/logo\/image\/","url":"https:\/\/carneirinhosboattrips.pt\/wp-content\/uploads\/2020\/07\/logo-website.png","contentUrl":"https:\/\/carneirinhosboattrips.pt\/wp-content\/uploads\/2020\/07\/logo-website.png","width":1400,"height":700,"caption":"Carneirinho's Boat Trips"},"image":{"@id":"https:\/\/carneirinhosboattrips.pt\/#\/schema\/logo\/image\/"},"sameAs":["https:\/\/www.facebook.com\/carneirinhosboattrips"]}]}},"_links":{"self":[{"href":"https:\/\/carneirinhosboattrips.pt\/pt\/wp-json\/wp\/v2\/pages\/19203","targetHints":{"allow":["GET"]}}],"collection":[{"href":"https:\/\/carneirinhosboattrips.pt\/pt\/wp-json\/wp\/v2\/pages"}],"about":[{"href":"https:\/\/carneirinhosboattrips.pt\/pt\/wp-json\/wp\/v2\/types\/page"}],"author":[{"embeddable":true,"href":"https:\/\/carneirinhosboattrips.pt\/pt\/wp-json\/wp\/v2\/users\/1"}],"replies":[{"embeddable":true,"href":"https:\/\/carneirinhosboattrips.pt\/pt\/wp-json\/wp\/v2\/comments?post=19203"}],"version-history":[{"count":6,"href":"https:\/\/carneirinhosboattrips.pt\/pt\/wp-json\/wp\/v2\/pages\/19203\/revisions"}],"predecessor-version":[{"id":19226,"href":"https:\/\/carneirinhosboattrips.pt\/pt\/wp-json\/wp\/v2\/pages\/19203\/revisions\/19226"}],"wp:attachment":[{"href":"https:\/\/carneirinhosboattrips.pt\/pt\/wp-json\/wp\/v2\/media?parent=19203"}],"curies":[{"name":"wp","href":"https:\/\/api.w.org\/{rel}","templated":true}]}}