{"id":19219,"date":"2023-03-09T12:37:18","date_gmt":"2023-03-09T12:37:18","guid":{"rendered":"https:\/\/carneirinhosboattrips.pt\/?page_id=19219"},"modified":"2023-03-09T12:37:18","modified_gmt":"2023-03-09T12:37:18","slug":"clean-safe","status":"publish","type":"page","link":"https:\/\/carneirinhosboattrips.pt\/fr\/propre-sur\/","title":{"rendered":"Propre &amp; s\u00fbr"},"content":{"rendered":"<section class=\"wpb-content-wrapper\"><div class=\"vc_row wpb_row vc_row-fluid\"><div class=\"wpb_column vc_column_container vc_col-sm-12\"><div class=\"vc_column-inner\"><div class=\"wpb_wrapper\"><div class=\"fl-vc-responsive--gap cf fl-responsive-gap-69f9c5714d410-7322 fl-vc--responsive\"   data-responsive-target='fl-responsive-gap-69f9c5714d410-7322'  data-responsive-param='{\"height\":\"mobile:30px;\"}'  style=\"height:60px;\"><\/div><div class=\"fl-vc-custom-title-container text-left\" ><div class=\"fl-title-vc vc-default-title fl-font-style-bolt\" >Propre et s\u00fbr<\/div><\/div><div class=\"fl-vc-responsive--gap cf fl-responsive-gap-69f9c5714d4d2-3916 fl-vc--responsive\"   data-responsive-target='fl-responsive-gap-69f9c5714d4d2-3916'  data-responsive-param='{\"height\":\"mobile:20px;\"}'  style=\"height:30px;\"><\/div><div class=\"fl_custom_text__block fl-custom-text-69f9c5714d50e-463\" ><p><b>La sant\u00e9 de nos clients est notre priorit\u00e9 absolue<\/b> nous avons \u00e9galement pris des mesures sp\u00e9ciales pour assurer la s\u00e9curit\u00e9 de tous les invit\u00e9s pendant et apr\u00e8s leur activit\u00e9.<\/p>\n<p>Comme nous suivons les recommandations de la Direction g\u00e9n\u00e9rale de la sant\u00e9 du Portugal, le Manuel de bonnes pratiques pour les entreprises de tourisme maritime a \u00e9galement \u00e9t\u00e9 \u00e9labor\u00e9.\u00a0<b>Certification \"Clean &amp; Safe\" de Turismo de Portugal.<\/b><\/p>\n<\/div><div class=\"fl-vc-responsive--gap cf fl-responsive-gap-69f9c5714d58c-5102 fl-vc--responsive\"   data-responsive-target='fl-responsive-gap-69f9c5714d58c-5102'  data-responsive-param='{\"height\":\"mobile:30px;\"}'  style=\"height:60px;\"><\/div><div  class=\"wpb_single_image vc_align_center\">\n                <div class=\"wpb_wrapper vc_figure\">\n\t\t\t        <div class=\"vc_single_image-wrapper\"><img loading=\"lazy\" decoding=\"async\" width=\"300\" height=\"300\" src=\"https:\/\/carneirinhosboattrips.pt\/wp-content\/uploads\/2023\/03\/SafeandClean-300x300.png\" class=\"vc_single_image-img attachment-medium\" alt=\"\" title=\"SafeandClean\" srcset=\"\" sizes=\"auto, (max-width: 300px) 100vw, 300px\" data-srcset=\"\" \/><\/div>\n\t\t        <\/div> \n\t\t   <\/div><div class=\"fl-vc-responsive--gap cf fl-responsive-gap-69f9c5714db29-6709 fl-vc--responsive\"   data-responsive-target='fl-responsive-gap-69f9c5714db29-6709'  data-responsive-param='{\"height\":\"mobile:30px;\"}'  style=\"height:60px;\"><\/div><div class=\"fl_custom_text__block fl-custom-text-69f9c5714db65-5182\" ><p><b>Nettoyage m\u00e9ticuleux<\/b>\u00a0- nous augmentons la fr\u00e9quence de d\u00e9sinfection des surfaces et des zones de passage entre chaque visite, et le d\u00e9sinfectant pour les mains sera mis \u00e0 la disposition de tous nos h\u00f4tes. Tous les visiteurs doivent se d\u00e9sinfecter les mains avant la visite.<\/p>\n<p><b>Protection sociale<\/b>\u00a0- Tous les invit\u00e9s, le cas \u00e9ch\u00e9ant, porteront un masque pendant l'activit\u00e9. De m\u00eame, tous les employ\u00e9s utilisent des EPI si n\u00e9cessaire.<\/p>\n<p><b>Contr\u00f4les de bien-\u00eatre<\/b> - Les employ\u00e9s effectuent des contr\u00f4les de bien-\u00eatre pour s'assurer qu'ils sont en bonne sant\u00e9. Nous demandons aux visiteurs d'accepter volontairement de prendre leur temp\u00e9rature si n\u00e9cessaire. Si vous ou un membre de votre groupe pr\u00e9sente des sympt\u00f4mes, nous travaillerons directement avec vous pour annuler ou reprogrammer votre visite.<\/p>\n<\/div><div class=\"fl-vc-responsive--gap cf fl-responsive-gap-69f9c5714dbf3-6954 fl-vc--responsive\"   data-responsive-target='fl-responsive-gap-69f9c5714dbf3-6954'  data-responsive-param='{\"height\":\"mobile:30px;\"}'  style=\"height:60px;\"><\/div><\/div><\/div><\/div><\/div>\n<\/section>","protected":false},"excerpt":{"rendered":"<p>Clean and SafeOur Clients health is our top priority also we have taken special measures to keep all guests safe during and after their activity. As we follow the recommendations of the Portuguese General Health Department, the Manual of Good Practices for Maritime Tourism companies also have the\u00a0Clean &amp; Safe certification from Turismo de Portugal. <\/p>","protected":false},"author":1,"featured_media":0,"parent":0,"menu_order":0,"comment_status":"closed","ping_status":"closed","template":"","meta":{"_themeisle_gutenberg_block_has_review":false,"footnotes":""},"class_list":["post-19219","page","type-page","status-publish","hentry"],"acf":[],"yoast_head":"<!-- This site is optimized with the Yoast SEO plugin v22.6 - https:\/\/yoast.com\/wordpress\/plugins\/seo\/ -->\n<title>Clean &amp; Safe - Benagil Caves - Carneirinho&#039;s Boat Trips<\/title>\n<meta name=\"robots\" content=\"index, follow, max-snippet:-1, max-image-preview:large, max-video-preview:-1\" \/>\n<link rel=\"canonical\" href=\"https:\/\/carneirinhosboattrips.pt\/fr\/propre-sur\/\" \/>\n<meta property=\"og:locale\" content=\"fr_FR\" \/>\n<meta property=\"og:type\" content=\"article\" \/>\n<meta property=\"og:title\" content=\"Clean &amp; Safe - Benagil Caves - Carneirinho&#039;s Boat Trips\" \/>\n<meta property=\"og:description\" content=\"Clean and SafeOur Clients health is our top priority also we have taken special measures to keep all guests safe during and after their activity. As we follow the recommendations of the Portuguese General Health Department, the Manual of Good Practices for Maritime Tourism companies also have the\u00a0Clean &amp; Safe certification from Turismo de Portugal.\" \/>\n<meta property=\"og:url\" content=\"https:\/\/carneirinhosboattrips.pt\/fr\/propre-sur\/\" \/>\n<meta property=\"og:site_name\" content=\"Benagil Caves - Carneirinho&#039;s Boat Trips\" \/>\n<meta property=\"article:publisher\" content=\"https:\/\/www.facebook.com\/carneirinhosboattrips\" \/>\n<meta name=\"twitter:card\" content=\"summary_large_image\" \/>\n<meta name=\"twitter:label1\" content=\"Dur\u00e9e de lecture estim\u00e9e\" \/>\n\t<meta name=\"twitter:data1\" content=\"1 minute\" \/>\n<script type=\"application\/ld+json\" class=\"yoast-schema-graph\">{\"@context\":\"https:\/\/schema.org\",\"@graph\":[{\"@type\":\"WebPage\",\"@id\":\"https:\/\/carneirinhosboattrips.pt\/clean-safe\/\",\"url\":\"https:\/\/carneirinhosboattrips.pt\/clean-safe\/\",\"name\":\"Clean & Safe - Benagil Caves - Carneirinho&#039;s Boat Trips\",\"isPartOf\":{\"@id\":\"https:\/\/carneirinhosboattrips.pt\/#website\"},\"datePublished\":\"2023-03-09T12:37:18+00:00\",\"dateModified\":\"2023-03-09T12:37:18+00:00\",\"breadcrumb\":{\"@id\":\"https:\/\/carneirinhosboattrips.pt\/clean-safe\/#breadcrumb\"},\"inLanguage\":\"fr-FR\",\"potentialAction\":[{\"@type\":\"ReadAction\",\"target\":[\"https:\/\/carneirinhosboattrips.pt\/clean-safe\/\"]}]},{\"@type\":\"BreadcrumbList\",\"@id\":\"https:\/\/carneirinhosboattrips.pt\/clean-safe\/#breadcrumb\",\"itemListElement\":[{\"@type\":\"ListItem\",\"position\":1,\"name\":\"Home\",\"item\":\"https:\/\/carneirinhosboattrips.pt\/\"},{\"@type\":\"ListItem\",\"position\":2,\"name\":\"Clean &#038; Safe\"}]},{\"@type\":\"WebSite\",\"@id\":\"https:\/\/carneirinhosboattrips.pt\/#website\",\"url\":\"https:\/\/carneirinhosboattrips.pt\/\",\"name\":\"Carneirinho's Boat Trips\",\"description\":\"\",\"publisher\":{\"@id\":\"https:\/\/carneirinhosboattrips.pt\/#organization\"},\"potentialAction\":[{\"@type\":\"SearchAction\",\"target\":{\"@type\":\"EntryPoint\",\"urlTemplate\":\"https:\/\/carneirinhosboattrips.pt\/?s={search_term_string}\"},\"query-input\":\"required name=search_term_string\"}],\"inLanguage\":\"fr-FR\"},{\"@type\":\"Organization\",\"@id\":\"https:\/\/carneirinhosboattrips.pt\/#organization\",\"name\":\"Carneirinho's Boat Trips\",\"url\":\"https:\/\/carneirinhosboattrips.pt\/\",\"logo\":{\"@type\":\"ImageObject\",\"inLanguage\":\"fr-FR\",\"@id\":\"https:\/\/carneirinhosboattrips.pt\/#\/schema\/logo\/image\/\",\"url\":\"https:\/\/carneirinhosboattrips.pt\/wp-content\/uploads\/2020\/07\/logo-website.png\",\"contentUrl\":\"https:\/\/carneirinhosboattrips.pt\/wp-content\/uploads\/2020\/07\/logo-website.png\",\"width\":1400,\"height\":700,\"caption\":\"Carneirinho's Boat Trips\"},\"image\":{\"@id\":\"https:\/\/carneirinhosboattrips.pt\/#\/schema\/logo\/image\/\"},\"sameAs\":[\"https:\/\/www.facebook.com\/carneirinhosboattrips\"]}]}<\/script>\n<!-- \/ Yoast SEO plugin. -->","yoast_head_json":{"title":"Clean & Safe - Benagil Caves - Carneirinho&#039;s Boat Trips","robots":{"index":"index","follow":"follow","max-snippet":"max-snippet:-1","max-image-preview":"max-image-preview:large","max-video-preview":"max-video-preview:-1"},"canonical":"https:\/\/carneirinhosboattrips.pt\/fr\/propre-sur\/","og_locale":"fr_FR","og_type":"article","og_title":"Clean & Safe - Benagil Caves - Carneirinho&#039;s Boat Trips","og_description":"Clean and SafeOur Clients health is our top priority also we have taken special measures to keep all guests safe during and after their activity. As we follow the recommendations of the Portuguese General Health Department, the Manual of Good Practices for Maritime Tourism companies also have the\u00a0Clean &amp; Safe certification from Turismo de Portugal.","og_url":"https:\/\/carneirinhosboattrips.pt\/fr\/propre-sur\/","og_site_name":"Benagil Caves - Carneirinho&#039;s Boat Trips","article_publisher":"https:\/\/www.facebook.com\/carneirinhosboattrips","twitter_card":"summary_large_image","twitter_misc":{"Dur\u00e9e de lecture estim\u00e9e":"1 minute"},"schema":{"@context":"https:\/\/schema.org","@graph":[{"@type":"WebPage","@id":"https:\/\/carneirinhosboattrips.pt\/clean-safe\/","url":"https:\/\/carneirinhosboattrips.pt\/clean-safe\/","name":"Clean & Safe - Benagil Caves - Carneirinho&#039;s Boat Trips","isPartOf":{"@id":"https:\/\/carneirinhosboattrips.pt\/#website"},"datePublished":"2023-03-09T12:37:18+00:00","dateModified":"2023-03-09T12:37:18+00:00","breadcrumb":{"@id":"https:\/\/carneirinhosboattrips.pt\/clean-safe\/#breadcrumb"},"inLanguage":"fr-FR","potentialAction":[{"@type":"ReadAction","target":["https:\/\/carneirinhosboattrips.pt\/clean-safe\/"]}]},{"@type":"BreadcrumbList","@id":"https:\/\/carneirinhosboattrips.pt\/clean-safe\/#breadcrumb","itemListElement":[{"@type":"ListItem","position":1,"name":"Home","item":"https:\/\/carneirinhosboattrips.pt\/"},{"@type":"ListItem","position":2,"name":"Clean &#038; Safe"}]},{"@type":"WebSite","@id":"https:\/\/carneirinhosboattrips.pt\/#website","url":"https:\/\/carneirinhosboattrips.pt\/","name":"Carneirinho's Boat Trips","description":"","publisher":{"@id":"https:\/\/carneirinhosboattrips.pt\/#organization"},"potentialAction":[{"@type":"SearchAction","target":{"@type":"EntryPoint","urlTemplate":"https:\/\/carneirinhosboattrips.pt\/?s={search_term_string}"},"query-input":"required name=search_term_string"}],"inLanguage":"fr-FR"},{"@type":"Organization","@id":"https:\/\/carneirinhosboattrips.pt\/#organization","name":"Carneirinho's Boat Trips","url":"https:\/\/carneirinhosboattrips.pt\/","logo":{"@type":"ImageObject","inLanguage":"fr-FR","@id":"https:\/\/carneirinhosboattrips.pt\/#\/schema\/logo\/image\/","url":"https:\/\/carneirinhosboattrips.pt\/wp-content\/uploads\/2020\/07\/logo-website.png","contentUrl":"https:\/\/carneirinhosboattrips.pt\/wp-content\/uploads\/2020\/07\/logo-website.png","width":1400,"height":700,"caption":"Carneirinho's Boat Trips"},"image":{"@id":"https:\/\/carneirinhosboattrips.pt\/#\/schema\/logo\/image\/"},"sameAs":["https:\/\/www.facebook.com\/carneirinhosboattrips"]}]}},"_links":{"self":[{"href":"https:\/\/carneirinhosboattrips.pt\/fr\/wp-json\/wp\/v2\/pages\/19219","targetHints":{"allow":["GET"]}}],"collection":[{"href":"https:\/\/carneirinhosboattrips.pt\/fr\/wp-json\/wp\/v2\/pages"}],"about":[{"href":"https:\/\/carneirinhosboattrips.pt\/fr\/wp-json\/wp\/v2\/types\/page"}],"author":[{"embeddable":true,"href":"https:\/\/carneirinhosboattrips.pt\/fr\/wp-json\/wp\/v2\/users\/1"}],"replies":[{"embeddable":true,"href":"https:\/\/carneirinhosboattrips.pt\/fr\/wp-json\/wp\/v2\/comments?post=19219"}],"version-history":[{"count":4,"href":"https:\/\/carneirinhosboattrips.pt\/fr\/wp-json\/wp\/v2\/pages\/19219\/revisions"}],"predecessor-version":[{"id":19227,"href":"https:\/\/carneirinhosboattrips.pt\/fr\/wp-json\/wp\/v2\/pages\/19219\/revisions\/19227"}],"wp:attachment":[{"href":"https:\/\/carneirinhosboattrips.pt\/fr\/wp-json\/wp\/v2\/media?parent=19219"}],"curies":[{"name":"wp","href":"https:\/\/api.w.org\/{rel}","templated":true}]}}