{"id":19208,"date":"2023-03-09T09:56:16","date_gmt":"2023-03-09T09:56:16","guid":{"rendered":"https:\/\/carneirinhosboattrips.pt\/?page_id=19208"},"modified":"2023-03-09T09:56:16","modified_gmt":"2023-03-09T09:56:16","slug":"faq","status":"publish","type":"page","link":"https:\/\/carneirinhosboattrips.pt\/fr\/faq\/","title":{"rendered":"FAQ"},"content":{"rendered":"<section class=\"wpb-content-wrapper\"><div class=\"vc_row wpb_row vc_row-fluid\"><div class=\"wpb_column vc_column_container vc_col-sm-12\"><div class=\"vc_column-inner\"><div class=\"wpb_wrapper\"><div class=\"fl-vc-responsive--gap cf fl-responsive-gap-69d8789519624-5495 fl-vc--responsive\"   data-responsive-target='fl-responsive-gap-69d8789519624-5495'  data-responsive-param='{\"height\":\"mobile:30px;\"}'  style=\"height:60px;\"><\/div><div class=\"fl-vc-custom-title-container text-left\" ><div class=\"fl-title-vc vc-default-title fl-font-style-bolt\" ><span class=\"fl-secondary-color\">Frequently<\/span> Asked <strong><span class=\"fl-primary-color\">Questions<\/span><\/strong><\/div><\/div><div class=\"fl-vc-responsive--gap cf fl-responsive-gap-69d87895196a2-5184 fl-vc--responsive\"   data-responsive-target='fl-responsive-gap-69d87895196a2-5184'  data-responsive-param='{\"height\":\"mobile:30px;\"}'  style=\"height:60px;\"><\/div><div  class=\"vc_toggle vc_toggle_default vc_toggle_color_default  vc_toggle_size_md\"><div class=\"vc_toggle_title\"><h4>QU'EN EST-IL DE NOS AFFAIRES ?<\/h4><i class=\"vc_toggle_icon\"><\/i><\/div><div class=\"vc_toggle_content\"><p>Vous pouvez les emmener avec vous, mais s'il n'y a pas beaucoup de choses qui pourraient d\u00e9ranger les autres clients sur le bateau.<\/p>\n<p>En outre, en cas de besoin, nous sommes heureux de garder vos affaires jusqu'\u00e0 la fin du voyage.<\/p>\n<\/div><\/div><div class=\"fl-vc-responsive--gap cf\"  style=\"height:20px;\"><\/div><div  class=\"vc_toggle vc_toggle_default vc_toggle_color_default  vc_toggle_size_md\"><div class=\"vc_toggle_title\"><h4>LES ENFANTS PAIENT-ILS ?<\/h4><i class=\"vc_toggle_icon\"><\/i><\/div><div class=\"vc_toggle_content\"><p>Oui, c'est vrai ! Toutefois, les enfants de moins de 10 ans b\u00e9n\u00e9ficient d'un tarif r\u00e9duit.<\/p>\n<\/div><\/div><div class=\"fl-vc-responsive--gap cf\"  style=\"height:20px;\"><\/div><div  class=\"vc_toggle vc_toggle_default vc_toggle_color_default  vc_toggle_size_md\"><div class=\"vc_toggle_title\"><h4>DOIS-JE PAYER AVANT LE VOYAGE ?<\/h4><i class=\"vc_toggle_icon\"><\/i><\/div><div class=\"vc_toggle_content\"><p>Oui, vous payez le montant total au moment de la r\u00e9servation.<\/p>\n<p><strong>Pourquoi ?<\/strong><\/p>\n<p>Pour g\u00e9rer au mieux notre tourn\u00e9e, nous devons avoir un contr\u00f4le total des places r\u00e9serv\u00e9es et \u00e9viter les surr\u00e9servations et les annulations de derni\u00e8re minute.<\/p>\n<p>Nous avons une politique d'annulation de 24 heures pour un remboursement complet.<\/p>\n<\/div><\/div><div class=\"fl-vc-responsive--gap cf\"  style=\"height:20px;\"><\/div><div  class=\"vc_toggle vc_toggle_default vc_toggle_color_default  vc_toggle_size_md\"><div class=\"vc_toggle_title\"><h4>QUE DEVONS-NOUS PORTER ?<\/h4><i class=\"vc_toggle_icon\"><\/i><\/div><div class=\"vc_toggle_content\"><p>Nous vous conseillons de porter des v\u00eatements confortables et quelque peu imperm\u00e9ables, car vous serez assis pendant toute la dur\u00e9e du voyage. Pour monter et descendre du bateau, vos pieds seront dans l'eau, nous vous conseillons donc de porter des tongs ou des sandales.<\/p>\n<\/div><\/div><div class=\"fl-vc-responsive--gap cf\"  style=\"height:20px;\"><\/div><div  class=\"vc_toggle vc_toggle_default vc_toggle_color_default  vc_toggle_size_md\"><div class=\"vc_toggle_title\"><h4>PUIS-JE EMPORTER MON T\u00c9L\u00c9PHONE ET MON APPAREIL PHOTO ?<\/h4><i class=\"vc_toggle_icon\"><\/i><\/div><div class=\"vc_toggle_content\"><p>Bien s\u00fbr ! Vous pouvez apporter votre t\u00e9l\u00e9phone et votre appareil photo pour prendre des photos de la magnifique ligne de c\u00f4te. Notre bateau est neuf et tr\u00e8s stable, mais vous \u00eates en mer et vous devez faire attention \u00e0 vos appareils. Nous ne sommes pas responsables des objets perdus.<\/p>\n<\/div><\/div><div class=\"fl-vc-responsive--gap cf fl-responsive-gap-69d878951c55f-9286 fl-vc--responsive\"   data-responsive-target='fl-responsive-gap-69d878951c55f-9286'  data-responsive-param='{\"height\":\"mobile:40px;\"}'  style=\"height:80px;\"><\/div><div class=\"fl-vc-custom-title-container text-center\" ><div class=\"fl-title-vc vc-default-title fl-font-style-bolt\" ><strong><span class=\"fl-secondary-color\" style=\"font-size: 18px;\">Vous avez encore des questions ?<\/span><\/strong><br \/>\n<span class=\"fl-primary-color\">Contactez<\/span> <strong>nous<\/strong><\/div><\/div><div class=\"fl-vc-responsive--gap cf fl-responsive-gap-69d878951c5d2-1081 fl-vc--responsive\"   data-responsive-target='fl-responsive-gap-69d878951c5d2-1081'  data-responsive-param='{\"height\":\"mobile:25px;\"}'  style=\"height:40px;\"><\/div>\n<div class=\"wpcf7 no-js\" id=\"wpcf7-f18221-o1\" lang=\"en-US\" dir=\"ltr\">\n<div class=\"screen-reader-response\"><p role=\"status\" aria-live=\"polite\" aria-atomic=\"true\"><\/p> <ul><\/ul><\/div>\n<form action=\"\/fr\/wp-json\/wp\/v2\/pages\/19208#wpcf7-f18221-o1\" method=\"post\" class=\"wpcf7-form init\" aria-label=\"Contact form\" novalidate=\"novalidate\" data-status=\"init\" data-trp-original-action=\"\/fr\/wp-json\/wp\/v2\/pages\/19208#wpcf7-f18221-o1\">\n<div style=\"display: none;\">\n<input type=\"hidden\" name=\"_wpcf7\" value=\"18221\" \/>\n<input type=\"hidden\" name=\"_wpcf7_version\" value=\"5.9.4\" \/>\n<input type=\"hidden\" name=\"_wpcf7_locale\" value=\"en_US\" \/>\n<input type=\"hidden\" name=\"_wpcf7_unit_tag\" value=\"wpcf7-f18221-o1\" \/>\n<input type=\"hidden\" name=\"_wpcf7_container_post\" value=\"0\" \/>\n<input type=\"hidden\" name=\"_wpcf7_posted_data_hash\" value=\"\" \/>\n<input type=\"hidden\" name=\"_wpcf7_recaptcha_response\" value=\"\" \/>\n<\/div>\n<div class=\"fl-home-page-form\">\n\t<div class=\"row\">\n\t\t<div class=\"input-container double-container col-md-6\">\n\t\t\t<p><span class=\"wpcf7-form-control-wrap\" data-name=\"first-name\"><input size=\"40\" class=\"wpcf7-form-control wpcf7-text wpcf7-validates-as-required\" aria-required=\"true\" aria-invalid=\"false\" placeholder=\"Pr\u00e9nom\" value=\"\" type=\"text\" name=\"first-name\" \/><\/span>\n\t\t\t<\/p>\n\t\t<\/div>\n\t\t<div class=\"input-container double-container col-md-6\">\n\t\t\t<p><span class=\"wpcf7-form-control-wrap\" data-name=\"last-name\"><input size=\"40\" class=\"wpcf7-form-control wpcf7-text\" aria-invalid=\"false\" placeholder=\"Nom de famille\" value=\"\" type=\"text\" name=\"last-name\" \/><\/span>\n\t\t\t<\/p>\n\t\t<\/div>\n\t\t<div class=\"input-container double-container col-md-6\">\n\t\t\t<p><span class=\"wpcf7-form-control-wrap\" data-name=\"your-email\"><input size=\"40\" class=\"wpcf7-form-control wpcf7-email wpcf7-validates-as-required wpcf7-text wpcf7-validates-as-email\" aria-required=\"true\" aria-invalid=\"false\" placeholder=\"Votre Email\" value=\"\" type=\"email\" name=\"your-email\" \/><\/span>\n\t\t\t<\/p>\n\t\t<\/div>\n\t\t<div class=\"input-container double-container col-md-6\">\n\t\t\t<p><span class=\"wpcf7-form-control-wrap\" data-name=\"your-phone\"><input size=\"40\" class=\"wpcf7-form-control wpcf7-tel wpcf7-validates-as-required wpcf7-text wpcf7-validates-as-tel\" aria-required=\"true\" aria-invalid=\"false\" placeholder=\"Votre t\u00e9l\u00e9phone\" value=\"\" type=\"tel\" name=\"your-phone\" \/><\/span>\n\t\t\t<\/p>\n\t\t<\/div>\n\t\t<div class=\"input-container full-container col-12\">\n\t\t\t<p><span class=\"wpcf7-form-control-wrap\" data-name=\"your-subject\"><input size=\"40\" class=\"wpcf7-form-control wpcf7-text\" aria-invalid=\"false\" placeholder=\"Sujet\" value=\"\" type=\"text\" name=\"your-subject\" \/><\/span>\n\t\t\t<\/p>\n\t\t<\/div>\n\t\t<div class=\"textarea-container col-12\">\n\t\t\t<p><span class=\"wpcf7-form-control-wrap\" data-name=\"your-message\"><textarea cols=\"40\" rows=\"10\" class=\"wpcf7-form-control wpcf7-textarea\" aria-invalid=\"false\" placeholder=\"Message\" name=\"your-message\"><\/textarea><\/span>\n\t\t\t<\/p>\n\t\t<\/div>\n\t\t<div class=\"submit-btn-container col-12 text-center\">\n\t\t\t<p><button type=\"submit\" class=\"fl-font-style-bolt-two default-btn submit-comment\">Envoyer un message<\/button>\n\t\t\t<\/p>\n\t\t<\/div>\n\t<\/div>\n<\/div><div class=\"wpcf7-response-output\" aria-hidden=\"true\"><\/div>\n<input type=\"hidden\" name=\"trp-form-language\" value=\"fr\"\/><\/form>\n<\/div>\n<div class=\"fl-vc-responsive--gap cf fl-responsive-gap-69d878951db73-1774 fl-vc--responsive\"   data-responsive-target='fl-responsive-gap-69d878951db73-1774'  data-responsive-param='{\"height\":\"mobile:30px;\"}'  style=\"height:60px;\"><\/div><\/div><\/div><\/div><\/div>\n<\/section>","protected":false},"excerpt":{"rendered":"<p>Foire aux questionsQu'en est-il de nos affaires ? Vous pouvez les emporter avec vous, mais si ce n'est pas beaucoup de choses qui pourraient d\u00e9ranger les autres clients sur le bateau. En outre, en cas de besoin, nous sommes heureux de garder vos affaires jusqu'\u00e0 la fin du voyage. LES ENFANTS PAYENT-ILS ? oui, ils payent ! Oui, ils paient ! <\/p>","protected":false},"author":1,"featured_media":0,"parent":0,"menu_order":0,"comment_status":"closed","ping_status":"closed","template":"","meta":{"_themeisle_gutenberg_block_has_review":false,"footnotes":""},"class_list":["post-19208","page","type-page","status-publish","hentry"],"acf":[],"yoast_head":"<!-- This site is optimized with the Yoast SEO plugin v22.6 - https:\/\/yoast.com\/wordpress\/plugins\/seo\/ -->\n<title>FAQ - Benagil Caves - Carneirinho&#039;s Boat Trips<\/title>\n<meta name=\"robots\" content=\"index, follow, max-snippet:-1, max-image-preview:large, max-video-preview:-1\" \/>\n<link rel=\"canonical\" href=\"https:\/\/carneirinhosboattrips.pt\/fr\/faq\/\" \/>\n<meta property=\"og:locale\" content=\"fr_FR\" \/>\n<meta property=\"og:type\" content=\"article\" \/>\n<meta property=\"og:title\" content=\"FAQ - Benagil Caves - Carneirinho&#039;s Boat Trips\" \/>\n<meta property=\"og:description\" content=\"Frequently Asked QuestionsWHAT ABOUT OUR STUFF?You can take them with you but if it\u2019s not a lot of things that could disturb the other customer on the boat. Also, in case of need, we are happy to keep your things in our care until the end of the trip. DO CHILDREN PAY?Yes, they do! However,\" \/>\n<meta property=\"og:url\" content=\"https:\/\/carneirinhosboattrips.pt\/fr\/faq\/\" \/>\n<meta property=\"og:site_name\" content=\"Benagil Caves - Carneirinho&#039;s Boat Trips\" \/>\n<meta property=\"article:publisher\" content=\"https:\/\/www.facebook.com\/carneirinhosboattrips\" \/>\n<meta name=\"twitter:card\" content=\"summary_large_image\" \/>\n<meta name=\"twitter:label1\" content=\"Dur\u00e9e de lecture estim\u00e9e\" \/>\n\t<meta name=\"twitter:data1\" content=\"2 minutes\" \/>\n<script type=\"application\/ld+json\" class=\"yoast-schema-graph\">{\"@context\":\"https:\/\/schema.org\",\"@graph\":[{\"@type\":\"WebPage\",\"@id\":\"https:\/\/carneirinhosboattrips.pt\/faq\/\",\"url\":\"https:\/\/carneirinhosboattrips.pt\/faq\/\",\"name\":\"FAQ - Benagil Caves - Carneirinho&#039;s Boat Trips\",\"isPartOf\":{\"@id\":\"https:\/\/carneirinhosboattrips.pt\/#website\"},\"datePublished\":\"2023-03-09T09:56:16+00:00\",\"dateModified\":\"2023-03-09T09:56:16+00:00\",\"breadcrumb\":{\"@id\":\"https:\/\/carneirinhosboattrips.pt\/faq\/#breadcrumb\"},\"inLanguage\":\"fr-FR\",\"potentialAction\":[{\"@type\":\"ReadAction\",\"target\":[\"https:\/\/carneirinhosboattrips.pt\/faq\/\"]}]},{\"@type\":\"BreadcrumbList\",\"@id\":\"https:\/\/carneirinhosboattrips.pt\/faq\/#breadcrumb\",\"itemListElement\":[{\"@type\":\"ListItem\",\"position\":1,\"name\":\"Home\",\"item\":\"https:\/\/carneirinhosboattrips.pt\/\"},{\"@type\":\"ListItem\",\"position\":2,\"name\":\"FAQ\"}]},{\"@type\":\"WebSite\",\"@id\":\"https:\/\/carneirinhosboattrips.pt\/#website\",\"url\":\"https:\/\/carneirinhosboattrips.pt\/\",\"name\":\"Carneirinho's Boat Trips\",\"description\":\"\",\"publisher\":{\"@id\":\"https:\/\/carneirinhosboattrips.pt\/#organization\"},\"potentialAction\":[{\"@type\":\"SearchAction\",\"target\":{\"@type\":\"EntryPoint\",\"urlTemplate\":\"https:\/\/carneirinhosboattrips.pt\/?s={search_term_string}\"},\"query-input\":\"required name=search_term_string\"}],\"inLanguage\":\"fr-FR\"},{\"@type\":\"Organization\",\"@id\":\"https:\/\/carneirinhosboattrips.pt\/#organization\",\"name\":\"Carneirinho's Boat Trips\",\"url\":\"https:\/\/carneirinhosboattrips.pt\/\",\"logo\":{\"@type\":\"ImageObject\",\"inLanguage\":\"fr-FR\",\"@id\":\"https:\/\/carneirinhosboattrips.pt\/#\/schema\/logo\/image\/\",\"url\":\"https:\/\/carneirinhosboattrips.pt\/wp-content\/uploads\/2020\/07\/logo-website.png\",\"contentUrl\":\"https:\/\/carneirinhosboattrips.pt\/wp-content\/uploads\/2020\/07\/logo-website.png\",\"width\":1400,\"height\":700,\"caption\":\"Carneirinho's Boat Trips\"},\"image\":{\"@id\":\"https:\/\/carneirinhosboattrips.pt\/#\/schema\/logo\/image\/\"},\"sameAs\":[\"https:\/\/www.facebook.com\/carneirinhosboattrips\"]}]}<\/script>\n<!-- \/ Yoast SEO plugin. -->","yoast_head_json":{"title":"FAQ - Benagil Caves - Carneirinho&#039;s Boat Trips","robots":{"index":"index","follow":"follow","max-snippet":"max-snippet:-1","max-image-preview":"max-image-preview:large","max-video-preview":"max-video-preview:-1"},"canonical":"https:\/\/carneirinhosboattrips.pt\/fr\/faq\/","og_locale":"fr_FR","og_type":"article","og_title":"FAQ - Benagil Caves - Carneirinho&#039;s Boat Trips","og_description":"Frequently Asked QuestionsWHAT ABOUT OUR STUFF?You can take them with you but if it\u2019s not a lot of things that could disturb the other customer on the boat. Also, in case of need, we are happy to keep your things in our care until the end of the trip. DO CHILDREN PAY?Yes, they do! However,","og_url":"https:\/\/carneirinhosboattrips.pt\/fr\/faq\/","og_site_name":"Benagil Caves - Carneirinho&#039;s Boat Trips","article_publisher":"https:\/\/www.facebook.com\/carneirinhosboattrips","twitter_card":"summary_large_image","twitter_misc":{"Dur\u00e9e de lecture estim\u00e9e":"2 minutes"},"schema":{"@context":"https:\/\/schema.org","@graph":[{"@type":"WebPage","@id":"https:\/\/carneirinhosboattrips.pt\/faq\/","url":"https:\/\/carneirinhosboattrips.pt\/faq\/","name":"FAQ - Benagil Caves - Carneirinho&#039;s Boat Trips","isPartOf":{"@id":"https:\/\/carneirinhosboattrips.pt\/#website"},"datePublished":"2023-03-09T09:56:16+00:00","dateModified":"2023-03-09T09:56:16+00:00","breadcrumb":{"@id":"https:\/\/carneirinhosboattrips.pt\/faq\/#breadcrumb"},"inLanguage":"fr-FR","potentialAction":[{"@type":"ReadAction","target":["https:\/\/carneirinhosboattrips.pt\/faq\/"]}]},{"@type":"BreadcrumbList","@id":"https:\/\/carneirinhosboattrips.pt\/faq\/#breadcrumb","itemListElement":[{"@type":"ListItem","position":1,"name":"Home","item":"https:\/\/carneirinhosboattrips.pt\/"},{"@type":"ListItem","position":2,"name":"FAQ"}]},{"@type":"WebSite","@id":"https:\/\/carneirinhosboattrips.pt\/#website","url":"https:\/\/carneirinhosboattrips.pt\/","name":"Carneirinho's Boat Trips","description":"","publisher":{"@id":"https:\/\/carneirinhosboattrips.pt\/#organization"},"potentialAction":[{"@type":"SearchAction","target":{"@type":"EntryPoint","urlTemplate":"https:\/\/carneirinhosboattrips.pt\/?s={search_term_string}"},"query-input":"required name=search_term_string"}],"inLanguage":"fr-FR"},{"@type":"Organization","@id":"https:\/\/carneirinhosboattrips.pt\/#organization","name":"Carneirinho's Boat Trips","url":"https:\/\/carneirinhosboattrips.pt\/","logo":{"@type":"ImageObject","inLanguage":"fr-FR","@id":"https:\/\/carneirinhosboattrips.pt\/#\/schema\/logo\/image\/","url":"https:\/\/carneirinhosboattrips.pt\/wp-content\/uploads\/2020\/07\/logo-website.png","contentUrl":"https:\/\/carneirinhosboattrips.pt\/wp-content\/uploads\/2020\/07\/logo-website.png","width":1400,"height":700,"caption":"Carneirinho's Boat Trips"},"image":{"@id":"https:\/\/carneirinhosboattrips.pt\/#\/schema\/logo\/image\/"},"sameAs":["https:\/\/www.facebook.com\/carneirinhosboattrips"]}]}},"_links":{"self":[{"href":"https:\/\/carneirinhosboattrips.pt\/fr\/wp-json\/wp\/v2\/pages\/19208","targetHints":{"allow":["GET"]}}],"collection":[{"href":"https:\/\/carneirinhosboattrips.pt\/fr\/wp-json\/wp\/v2\/pages"}],"about":[{"href":"https:\/\/carneirinhosboattrips.pt\/fr\/wp-json\/wp\/v2\/types\/page"}],"author":[{"embeddable":true,"href":"https:\/\/carneirinhosboattrips.pt\/fr\/wp-json\/wp\/v2\/users\/1"}],"replies":[{"embeddable":true,"href":"https:\/\/carneirinhosboattrips.pt\/fr\/wp-json\/wp\/v2\/comments?post=19208"}],"version-history":[{"count":9,"href":"https:\/\/carneirinhosboattrips.pt\/fr\/wp-json\/wp\/v2\/pages\/19208\/revisions"}],"predecessor-version":[{"id":19217,"href":"https:\/\/carneirinhosboattrips.pt\/fr\/wp-json\/wp\/v2\/pages\/19208\/revisions\/19217"}],"wp:attachment":[{"href":"https:\/\/carneirinhosboattrips.pt\/fr\/wp-json\/wp\/v2\/media?parent=19208"}],"curies":[{"name":"wp","href":"https:\/\/api.w.org\/{rel}","templated":true}]}}