{"id":19219,"date":"2023-03-09T12:37:18","date_gmt":"2023-03-09T12:37:18","guid":{"rendered":"https:\/\/carneirinhosboattrips.pt\/?page_id=19219"},"modified":"2023-03-09T12:37:18","modified_gmt":"2023-03-09T12:37:18","slug":"clean-safe","status":"publish","type":"page","link":"https:\/\/carneirinhosboattrips.pt\/es\/limpio-seguro\/","title":{"rendered":"Limpio &amp; seguro"},"content":{"rendered":"<section class=\"wpb-content-wrapper\"><div class=\"vc_row wpb_row vc_row-fluid\"><div class=\"wpb_column vc_column_container vc_col-sm-12\"><div class=\"vc_column-inner\"><div class=\"wpb_wrapper\"><div class=\"fl-vc-responsive--gap cf fl-responsive-gap-69e8aa5ef324a-2509 fl-vc--responsive\"   data-responsive-target='fl-responsive-gap-69e8aa5ef324a-2509'  data-responsive-param='{\"height\":\"mobile:30px;\"}'  style=\"height:60px;\"><\/div><div class=\"fl-vc-custom-title-container text-left\" ><div class=\"fl-title-vc vc-default-title fl-font-style-bolt\" >Limpio y seguro<\/div><\/div><div class=\"fl-vc-responsive--gap cf fl-responsive-gap-69e8aa5ef332f-4502 fl-vc--responsive\"   data-responsive-target='fl-responsive-gap-69e8aa5ef332f-4502'  data-responsive-param='{\"height\":\"mobile:20px;\"}'  style=\"height:30px;\"><\/div><div class=\"fl_custom_text__block fl-custom-text-69e8aa5ef3380-1979\" ><p><b>La salud de nuestros clientes es nuestra m\u00e1xima prioridad<\/b> tambi\u00e9n hemos tomado medidas especiales para mantener la seguridad de todos los hu\u00e9spedes durante y despu\u00e9s de su actividad.<\/p>\n<p>Al seguir las recomendaciones de la Direcci\u00f3n General de Sanidad portuguesa, el Manual de Buenas Pr\u00e1cticas para las empresas de Turismo Mar\u00edtimo tambi\u00e9n tiene la\u00a0<b>Certificaci\u00f3n Clean &amp; Safe de Turismo de Portugal.<\/b><\/p>\n<\/div><div class=\"fl-vc-responsive--gap cf fl-responsive-gap-69e8aa5ef3418-4840 fl-vc--responsive\"   data-responsive-target='fl-responsive-gap-69e8aa5ef3418-4840'  data-responsive-param='{\"height\":\"mobile:30px;\"}'  style=\"height:60px;\"><\/div><div  class=\"wpb_single_image vc_align_center\">\n                <div class=\"wpb_wrapper vc_figure\">\n\t\t\t        <div class=\"vc_single_image-wrapper\"><img loading=\"lazy\" decoding=\"async\" width=\"300\" height=\"300\" src=\"https:\/\/carneirinhosboattrips.pt\/wp-content\/uploads\/2023\/03\/SafeandClean-300x300.png\" class=\"vc_single_image-img attachment-medium\" alt=\"\" title=\"SafeandClean\" srcset=\"\" sizes=\"auto, (max-width: 300px) 100vw, 300px\" data-srcset=\"\" \/><\/div>\n\t\t        <\/div> \n\t\t   <\/div><div class=\"fl-vc-responsive--gap cf fl-responsive-gap-69e8aa5ef3b45-2865 fl-vc--responsive\"   data-responsive-target='fl-responsive-gap-69e8aa5ef3b45-2865'  data-responsive-param='{\"height\":\"mobile:30px;\"}'  style=\"height:60px;\"><\/div><div class=\"fl_custom_text__block fl-custom-text-69e8aa5ef3b96-6486\" ><p><b>Limpieza meticulosa<\/b>\u00a0- aumentamos la frecuencia de desinfecci\u00f3n de superficies y zonas de mucho tr\u00e1nsito entre cada visita guiada, y el desinfectante de manos estar\u00e1 a disposici\u00f3n de todos nuestros hu\u00e9spedes. Todos los visitantes deben desinfectarse las manos antes de la visita.<\/p>\n<p><b>Bienestar social<\/b>\u00a0- Todos los invitados, seg\u00fan sea necesario, llevar\u00e1n mascarilla durante la actividad. Asimismo, todos los empleados utilizan EPI seg\u00fan sea necesario.<\/p>\n<p><b>Controles de bienestar<\/b> - Los empleados realizan controles de bienestar para asegurarse de que est\u00e1n sanos. Pedimos a los hu\u00e9spedes que acepten voluntariamente tomarse la temperatura cuando sea necesario. Si usted o alguien de su grupo experimenta s\u00edntomas, trabajaremos directamente con usted para cancelar o reprogramar su excursi\u00f3n.<\/p>\n<\/div><div class=\"fl-vc-responsive--gap cf fl-responsive-gap-69e8aa5ef3c36-2707 fl-vc--responsive\"   data-responsive-target='fl-responsive-gap-69e8aa5ef3c36-2707'  data-responsive-param='{\"height\":\"mobile:30px;\"}'  style=\"height:60px;\"><\/div><\/div><\/div><\/div><\/div>\n<\/section>","protected":false},"excerpt":{"rendered":"<p>Clean and SafeOur Clients health is our top priority also we have taken special measures to keep all guests safe during and after their activity. As we follow the recommendations of the Portuguese General Health Department, the Manual of Good Practices for Maritime Tourism companies also have the\u00a0Clean &amp; Safe certification from Turismo de Portugal. <\/p>","protected":false},"author":1,"featured_media":0,"parent":0,"menu_order":0,"comment_status":"closed","ping_status":"closed","template":"","meta":{"_themeisle_gutenberg_block_has_review":false,"footnotes":""},"class_list":["post-19219","page","type-page","status-publish","hentry"],"acf":[],"yoast_head":"<!-- This site is optimized with the Yoast SEO plugin v22.6 - https:\/\/yoast.com\/wordpress\/plugins\/seo\/ -->\n<title>Clean &amp; Safe - Benagil Caves - Carneirinho&#039;s Boat Trips<\/title>\n<meta name=\"robots\" content=\"index, follow, max-snippet:-1, max-image-preview:large, max-video-preview:-1\" \/>\n<link rel=\"canonical\" href=\"https:\/\/carneirinhosboattrips.pt\/es\/limpio-seguro\/\" \/>\n<meta property=\"og:locale\" content=\"es_ES\" \/>\n<meta property=\"og:type\" content=\"article\" \/>\n<meta property=\"og:title\" content=\"Clean &amp; Safe - Benagil Caves - Carneirinho&#039;s Boat Trips\" \/>\n<meta property=\"og:description\" content=\"Clean and SafeOur Clients health is our top priority also we have taken special measures to keep all guests safe during and after their activity. As we follow the recommendations of the Portuguese General Health Department, the Manual of Good Practices for Maritime Tourism companies also have the\u00a0Clean &amp; Safe certification from Turismo de Portugal.\" \/>\n<meta property=\"og:url\" content=\"https:\/\/carneirinhosboattrips.pt\/es\/limpio-seguro\/\" \/>\n<meta property=\"og:site_name\" content=\"Benagil Caves - Carneirinho&#039;s Boat Trips\" \/>\n<meta property=\"article:publisher\" content=\"https:\/\/www.facebook.com\/carneirinhosboattrips\" \/>\n<meta name=\"twitter:card\" content=\"summary_large_image\" \/>\n<meta name=\"twitter:label1\" content=\"Tiempo de lectura\" \/>\n\t<meta name=\"twitter:data1\" content=\"1 minuto\" \/>\n<script type=\"application\/ld+json\" class=\"yoast-schema-graph\">{\"@context\":\"https:\/\/schema.org\",\"@graph\":[{\"@type\":\"WebPage\",\"@id\":\"https:\/\/carneirinhosboattrips.pt\/clean-safe\/\",\"url\":\"https:\/\/carneirinhosboattrips.pt\/clean-safe\/\",\"name\":\"Clean & Safe - Benagil Caves - Carneirinho&#039;s Boat Trips\",\"isPartOf\":{\"@id\":\"https:\/\/carneirinhosboattrips.pt\/#website\"},\"datePublished\":\"2023-03-09T12:37:18+00:00\",\"dateModified\":\"2023-03-09T12:37:18+00:00\",\"breadcrumb\":{\"@id\":\"https:\/\/carneirinhosboattrips.pt\/clean-safe\/#breadcrumb\"},\"inLanguage\":\"es\",\"potentialAction\":[{\"@type\":\"ReadAction\",\"target\":[\"https:\/\/carneirinhosboattrips.pt\/clean-safe\/\"]}]},{\"@type\":\"BreadcrumbList\",\"@id\":\"https:\/\/carneirinhosboattrips.pt\/clean-safe\/#breadcrumb\",\"itemListElement\":[{\"@type\":\"ListItem\",\"position\":1,\"name\":\"Home\",\"item\":\"https:\/\/carneirinhosboattrips.pt\/\"},{\"@type\":\"ListItem\",\"position\":2,\"name\":\"Clean &#038; Safe\"}]},{\"@type\":\"WebSite\",\"@id\":\"https:\/\/carneirinhosboattrips.pt\/#website\",\"url\":\"https:\/\/carneirinhosboattrips.pt\/\",\"name\":\"Carneirinho's Boat Trips\",\"description\":\"\",\"publisher\":{\"@id\":\"https:\/\/carneirinhosboattrips.pt\/#organization\"},\"potentialAction\":[{\"@type\":\"SearchAction\",\"target\":{\"@type\":\"EntryPoint\",\"urlTemplate\":\"https:\/\/carneirinhosboattrips.pt\/?s={search_term_string}\"},\"query-input\":\"required name=search_term_string\"}],\"inLanguage\":\"es\"},{\"@type\":\"Organization\",\"@id\":\"https:\/\/carneirinhosboattrips.pt\/#organization\",\"name\":\"Carneirinho's Boat Trips\",\"url\":\"https:\/\/carneirinhosboattrips.pt\/\",\"logo\":{\"@type\":\"ImageObject\",\"inLanguage\":\"es\",\"@id\":\"https:\/\/carneirinhosboattrips.pt\/#\/schema\/logo\/image\/\",\"url\":\"https:\/\/carneirinhosboattrips.pt\/wp-content\/uploads\/2020\/07\/logo-website.png\",\"contentUrl\":\"https:\/\/carneirinhosboattrips.pt\/wp-content\/uploads\/2020\/07\/logo-website.png\",\"width\":1400,\"height\":700,\"caption\":\"Carneirinho's Boat Trips\"},\"image\":{\"@id\":\"https:\/\/carneirinhosboattrips.pt\/#\/schema\/logo\/image\/\"},\"sameAs\":[\"https:\/\/www.facebook.com\/carneirinhosboattrips\"]}]}<\/script>\n<!-- \/ Yoast SEO plugin. -->","yoast_head_json":{"title":"Clean & Safe - Benagil Caves - Carneirinho&#039;s Boat Trips","robots":{"index":"index","follow":"follow","max-snippet":"max-snippet:-1","max-image-preview":"max-image-preview:large","max-video-preview":"max-video-preview:-1"},"canonical":"https:\/\/carneirinhosboattrips.pt\/es\/limpio-seguro\/","og_locale":"es_ES","og_type":"article","og_title":"Clean & Safe - Benagil Caves - Carneirinho&#039;s Boat Trips","og_description":"Clean and SafeOur Clients health is our top priority also we have taken special measures to keep all guests safe during and after their activity. As we follow the recommendations of the Portuguese General Health Department, the Manual of Good Practices for Maritime Tourism companies also have the\u00a0Clean &amp; Safe certification from Turismo de Portugal.","og_url":"https:\/\/carneirinhosboattrips.pt\/es\/limpio-seguro\/","og_site_name":"Benagil Caves - Carneirinho&#039;s Boat Trips","article_publisher":"https:\/\/www.facebook.com\/carneirinhosboattrips","twitter_card":"summary_large_image","twitter_misc":{"Tiempo de lectura":"1 minuto"},"schema":{"@context":"https:\/\/schema.org","@graph":[{"@type":"WebPage","@id":"https:\/\/carneirinhosboattrips.pt\/clean-safe\/","url":"https:\/\/carneirinhosboattrips.pt\/clean-safe\/","name":"Clean & Safe - Benagil Caves - Carneirinho&#039;s Boat Trips","isPartOf":{"@id":"https:\/\/carneirinhosboattrips.pt\/#website"},"datePublished":"2023-03-09T12:37:18+00:00","dateModified":"2023-03-09T12:37:18+00:00","breadcrumb":{"@id":"https:\/\/carneirinhosboattrips.pt\/clean-safe\/#breadcrumb"},"inLanguage":"es","potentialAction":[{"@type":"ReadAction","target":["https:\/\/carneirinhosboattrips.pt\/clean-safe\/"]}]},{"@type":"BreadcrumbList","@id":"https:\/\/carneirinhosboattrips.pt\/clean-safe\/#breadcrumb","itemListElement":[{"@type":"ListItem","position":1,"name":"Home","item":"https:\/\/carneirinhosboattrips.pt\/"},{"@type":"ListItem","position":2,"name":"Clean &#038; Safe"}]},{"@type":"WebSite","@id":"https:\/\/carneirinhosboattrips.pt\/#website","url":"https:\/\/carneirinhosboattrips.pt\/","name":"Carneirinho's Boat Trips","description":"","publisher":{"@id":"https:\/\/carneirinhosboattrips.pt\/#organization"},"potentialAction":[{"@type":"SearchAction","target":{"@type":"EntryPoint","urlTemplate":"https:\/\/carneirinhosboattrips.pt\/?s={search_term_string}"},"query-input":"required name=search_term_string"}],"inLanguage":"es"},{"@type":"Organization","@id":"https:\/\/carneirinhosboattrips.pt\/#organization","name":"Carneirinho's Boat Trips","url":"https:\/\/carneirinhosboattrips.pt\/","logo":{"@type":"ImageObject","inLanguage":"es","@id":"https:\/\/carneirinhosboattrips.pt\/#\/schema\/logo\/image\/","url":"https:\/\/carneirinhosboattrips.pt\/wp-content\/uploads\/2020\/07\/logo-website.png","contentUrl":"https:\/\/carneirinhosboattrips.pt\/wp-content\/uploads\/2020\/07\/logo-website.png","width":1400,"height":700,"caption":"Carneirinho's Boat Trips"},"image":{"@id":"https:\/\/carneirinhosboattrips.pt\/#\/schema\/logo\/image\/"},"sameAs":["https:\/\/www.facebook.com\/carneirinhosboattrips"]}]}},"_links":{"self":[{"href":"https:\/\/carneirinhosboattrips.pt\/es\/wp-json\/wp\/v2\/pages\/19219","targetHints":{"allow":["GET"]}}],"collection":[{"href":"https:\/\/carneirinhosboattrips.pt\/es\/wp-json\/wp\/v2\/pages"}],"about":[{"href":"https:\/\/carneirinhosboattrips.pt\/es\/wp-json\/wp\/v2\/types\/page"}],"author":[{"embeddable":true,"href":"https:\/\/carneirinhosboattrips.pt\/es\/wp-json\/wp\/v2\/users\/1"}],"replies":[{"embeddable":true,"href":"https:\/\/carneirinhosboattrips.pt\/es\/wp-json\/wp\/v2\/comments?post=19219"}],"version-history":[{"count":4,"href":"https:\/\/carneirinhosboattrips.pt\/es\/wp-json\/wp\/v2\/pages\/19219\/revisions"}],"predecessor-version":[{"id":19227,"href":"https:\/\/carneirinhosboattrips.pt\/es\/wp-json\/wp\/v2\/pages\/19219\/revisions\/19227"}],"wp:attachment":[{"href":"https:\/\/carneirinhosboattrips.pt\/es\/wp-json\/wp\/v2\/media?parent=19219"}],"curies":[{"name":"wp","href":"https:\/\/api.w.org\/{rel}","templated":true}]}}