{"id":19203,"date":"2023-03-08T18:08:43","date_gmt":"2023-03-08T18:08:43","guid":{"rendered":"https:\/\/carneirinhosboattrips.pt\/?page_id=19203"},"modified":"2023-03-09T11:46:34","modified_gmt":"2023-03-09T11:46:34","slug":"terms-and-conditions","status":"publish","type":"page","link":"https:\/\/carneirinhosboattrips.pt\/es\/terminos-y-condiciones\/","title":{"rendered":"T\u00e9rminos y condiciones"},"content":{"rendered":"<section class=\"wpb-content-wrapper\"><div class=\"vc_row wpb_row vc_row-fluid\"><div class=\"wpb_column vc_column_container vc_col-sm-12\"><div class=\"vc_column-inner\"><div class=\"wpb_wrapper\"><div class=\"fl-vc-responsive--gap cf fl-responsive-gap-69e2a6fb75eee-3245 fl-vc--responsive\"   data-responsive-target='fl-responsive-gap-69e2a6fb75eee-3245'  data-responsive-param='{\"height\":\"mobile:30px;\"}'  style=\"height:60px;\"><\/div><div class=\"fl-vc-custom-title-container text-left\" ><div class=\"fl-title-vc vc-default-title fl-font-style-bolt\" ><strong>Condiciones generales<\/strong><\/div><\/div><div class=\"fl-vc-responsive--gap cf fl-responsive-gap-69e2a6fb75f6b-2019 fl-vc--responsive\"   data-responsive-target='fl-responsive-gap-69e2a6fb75f6b-2019'  data-responsive-param='{\"height\":\"mobile:20px;\"}'  style=\"height:30px;\"><\/div><div class=\"fl_custom_text__block fl-custom-text-69e2a6fb75f93-2378\" ><p>El check-in debe hacerse hasta 15 minutos antes de la actividad, en el mostrador de servicio de Carneirinho's Boat Trips en la zona de embarque en Portim\u00e3o, Cais Vasco da Gama.<\/p>\n<p>IVA incluido al tipo legal vigente.<\/p>\n<p>Carneirinho's Boat Trips se reserva el derecho de cambiar los PVP.<\/p>\n<p>Carneirinho's Boat Trips no se hace responsable de la p\u00e9rdida de objetos personales durante las actividades.<\/p>\n<p>Se denegar\u00e1 la facturaci\u00f3n\/el embarque a los clientes que vengan bajo los efectos del alcohol o de estupefacientes.<\/p>\n<p>Con la compra del billete, Carneirinho's Boat Trips queda autorizada a capturar y difundir las fotograf\u00edas obtenidas en el \u00e1mbito del evento al que se refiere el billete.<\/p>\n<p>Si no autoriza la recogida y utilizaci\u00f3n de fotograf\u00edas y v\u00eddeos con su imagen, deber\u00e1, a tal efecto, realizar esta declaraci\u00f3n expresa en el mostrador de facturaci\u00f3n.<\/p>\n<p>Todos nuestros equipos cumplen las normas de seguridad europeas.<\/p>\n<p>Nuestra empresa cuenta con todos los seguros obligatorios, tiene licencia de Turismo de Portugal (RNAAT n\u00ba 39\/2018).<\/p>\n<p>Los datos personales recogidos por Carneirinho's Boat Trips durante el proceso de reserva se destinan \u00fanica y exclusivamente a su procesamiento y al registro del cliente. Los datos del cliente no se utilizar\u00e1n para ning\u00fan otro fin, a menos que el cliente autorice el uso de los datos para fines de Email Marketing.<\/p>\n<\/div><div class=\"fl-vc-responsive--gap cf fl-responsive-gap-69e2a6fb76007-5717 fl-vc--responsive\"   data-responsive-target='fl-responsive-gap-69e2a6fb76007-5717'  data-responsive-param='{\"height\":\"mobile:30px;\"}'  style=\"height:60px;\"><\/div><div class=\"fl-vc-custom-title-container text-left\" ><div class=\"fl-title-vc vc-default-title fl-font-style-bolt\" ><strong>Pol\u00edticas de cancelaci\u00f3n<\/strong><\/div><\/div><div class=\"fl-vc-responsive--gap cf fl-responsive-gap-69e2a6fb7606c-3415 fl-vc--responsive\"   data-responsive-target='fl-responsive-gap-69e2a6fb7606c-3415'  data-responsive-param='{\"height\":\"mobile:20px;\"}'  style=\"height:30px;\"><\/div><div class=\"fl_custom_text__block fl-custom-text-69e2a6fb7608f-2982\" ><p>Los clientes recibir\u00e1n un reembolso completo o un cr\u00e9dito con 24 horas de antelaci\u00f3n a la cancelaci\u00f3n.<\/p>\n<p>Los clientes tambi\u00e9n recibir\u00e1n un reembolso completo o un cr\u00e9dito en caso de cancelaci\u00f3n por parte del operador debido a las condiciones meteorol\u00f3gicas u otras circunstancias imprevistas.<\/p>\n<p>P\u00f3ngase en contacto con nosotros por tel\u00e9fono para cancelar o informarse sobre una cancelaci\u00f3n.<\/p>\n<p>Si no se presenta, se le cobrar\u00e1 el precio completo.<\/p>\n<\/div><div class=\"fl-vc-responsive--gap cf fl-responsive-gap-69e2a6fb760d7-210 fl-vc--responsive\"   data-responsive-target='fl-responsive-gap-69e2a6fb760d7-210'  data-responsive-param='{\"height\":\"mobile:30px;\"}'  style=\"height:60px;\"><\/div><div class=\"fl-vc-custom-title-container text-left\" ><div class=\"fl-title-vc vc-default-title fl-font-style-bolt\" ><strong>Pol\u00edtica de privacidad y Condiciones generales de uso<\/strong><\/div><\/div><div class=\"fl-vc-responsive--gap cf fl-responsive-gap-69e2a6fb76138-1877 fl-vc--responsive\"   data-responsive-target='fl-responsive-gap-69e2a6fb76138-1877'  data-responsive-param='{\"height\":\"mobile:20px;\"}'  style=\"height:30px;\"><\/div><div class=\"fl_custom_text__block fl-custom-text-69e2a6fb7615f-9262\" ><p>El sitio Viajes en Barco de Carneirinho es propiedad de Rui Miguel Cabrita Reis, con domicilio en Praceta Padre Vieira, Urbaniza\u00e7\u00e3o Lagoa Sol, Lote 24, 2\u00ba Esq, Lagoa, y es la entidad responsable del tratamiento de los datos personales que son proporcionados directamente por el usuario o recogidos durante el acceso y navegaci\u00f3n del usuario en este sitio.<\/p>\n<p>Esta Pol\u00edtica de Privacidad tiene como objetivo aclarar a los usuarios sobre los datos recogidos y la raz\u00f3n de esta pr\u00e1ctica, as\u00ed como las medidas que los usuarios pueden adoptar para rectificar o eliminar la informaci\u00f3n sobre los datos recogidos.<\/p>\n<\/div><div class=\"fl-vc-responsive--gap cf fl-responsive-gap-69e2a6fb7619f-183 fl-vc--responsive\"   data-responsive-target='fl-responsive-gap-69e2a6fb7619f-183'  data-responsive-param='{\"height\":\"mobile:30px;\"}'  style=\"height:60px;\"><\/div><div class=\"fl-vc-custom-title-container text-left\" ><div class=\"fl-title-vc vc-default-title fl-font-style-bolt\" ><strong>USO DE DATOS PERSONALES<\/strong><\/div><\/div><div class=\"fl-vc-responsive--gap cf fl-responsive-gap-69e2a6fb761fe-664 fl-vc--responsive\"   data-responsive-target='fl-responsive-gap-69e2a6fb761fe-664'  data-responsive-param='{\"height\":\"mobile:20px;\"}'  style=\"height:30px;\"><\/div><div class=\"fl_custom_text__block fl-custom-text-69e2a6fb7621f-9392\" ><p>El sitio web de Viajes en Barco de Carneirinho recopila datos de los usuarios que navegan por el sitio o env\u00edan mensajes a trav\u00e9s del formulario de contacto del sitio.<\/p>\n<p>El sitio web de Carneirinho's Boat Trips tambi\u00e9n recopila informaci\u00f3n mediante el uso de cookies.<\/p>\n<p>El sitio web de Viajes en Barco de Carneirinho garantiza que sus datos personales no se reutilizar\u00e1n para fines distintos de aquellos para los que se recopilaron.<\/p>\n<p>Los datos personales recogidos s\u00f3lo se conservar\u00e1n durante el periodo necesario para cumplir la finalidad a la que est\u00e1n destinados, tras lo cual se suprimir\u00e1n definitivamente.<\/p>\n<p>Al aceptar los T\u00e9rminos y Condiciones y la Pol\u00edtica de Privacidad, usted consiente la recopilaci\u00f3n de estos datos.<\/p>\n<\/div><div class=\"fl-vc-responsive--gap cf fl-responsive-gap-69e2a6fb7626a-2045 fl-vc--responsive\"   data-responsive-target='fl-responsive-gap-69e2a6fb7626a-2045'  data-responsive-param='{\"height\":\"mobile:30px;\"}'  style=\"height:60px;\"><\/div><div class=\"fl-vc-custom-title-container text-left\" ><div class=\"fl-title-vc vc-default-title fl-font-style-bolt\" ><strong>DATOS PERSONALES RECOGIDOS<\/strong><\/div><\/div><div class=\"fl-vc-responsive--gap cf fl-responsive-gap-69e2a6fb762c9-7526 fl-vc--responsive\"   data-responsive-target='fl-responsive-gap-69e2a6fb762c9-7526'  data-responsive-param='{\"height\":\"mobile:20px;\"}'  style=\"height:30px;\"><\/div><div class=\"fl_custom_text__block fl-custom-text-69e2a6fb762eb-7647\" ><p>El sitio de Viajes en Barco de Carneirinho recoge informaci\u00f3n t\u00e9cnica del dispositivo del usuario cada vez que visita el sitio. La informaci\u00f3n se obtiene a trav\u00e9s del navegador de Internet y se refiere a la direcci\u00f3n IP, sistema operativo y motor de b\u00fasqueda utilizado, resoluci\u00f3n de pantalla y sitios de referencia.<\/p>\n<p>Los datos personales del usuario tambi\u00e9n pueden recogerse a trav\u00e9s del formulario de contacto del sitio web.<\/p>\n<p>Carneirinho's Boat Trips no vende, alquila ni comparte sus datos personales con terceros.<\/p>\n<p>Los servicios del sitio web no est\u00e1n dirigidos a menores, y los datos personales de los menores no se tratan intencionadamente.<\/p>\n<\/div><div class=\"fl-vc-responsive--gap cf fl-responsive-gap-69e2a6fb76331-5995 fl-vc--responsive\"   data-responsive-target='fl-responsive-gap-69e2a6fb76331-5995'  data-responsive-param='{\"height\":\"mobile:30px;\"}'  style=\"height:60px;\"><\/div><div class=\"fl-vc-custom-title-container text-left\" ><div class=\"fl-title-vc vc-default-title fl-font-style-bolt\" ><strong>COOKIES<\/strong><\/div><\/div><div class=\"fl-vc-responsive--gap cf fl-responsive-gap-69e2a6fb7638f-6966 fl-vc--responsive\"   data-responsive-target='fl-responsive-gap-69e2a6fb7638f-6966'  data-responsive-param='{\"height\":\"mobile:20px;\"}'  style=\"height:30px;\"><\/div><div class=\"fl_custom_text__block fl-custom-text-69e2a6fb763b1-7096\" ><p>Carneirinho's Boat Trips recoge autom\u00e1ticamente informaci\u00f3n del ordenador de quienes visitan el sitio mediante el uso de cookies.<\/p>\n<ul>\n<li>Las cookies son peque\u00f1as piezas de informaci\u00f3n que pueden ayudar a identificar su navegador y que pueden almacenar informaci\u00f3n, por ejemplo, la configuraci\u00f3n y las preferencias del usuario.<\/li>\n<\/ul>\n<p>Carneirinho's Boat Trips puede almacenar cookies en su dispositivo para personalizar y facilitar la navegaci\u00f3n, as\u00ed como para fines estad\u00edsticos, no proporcionando esas mismas cookies, referencias o datos personales del usuario.<\/p>\n<p>El sitio web de Carneirinho's Boat Trips utiliza <u>tres tipos de cookies<\/u>:<\/p>\n<ul>\n<li><em>Cookies sencillas:<\/em>\u00a0Estas cookies son necesarias para que el sitio funcione eficazmente, registran la trayectoria del usuario durante su visita sin identificarlo y se eliminan autom\u00e1ticamente al abandonar el sitio.<\/li>\n<li><em>Cookies persistentes:<\/em>\u00a0Estas cookies no son esenciales para el funcionamiento del sitio, pero permiten identificar a los usuarios cuando acceden a las p\u00e1ginas, optimizando su experiencia de navegaci\u00f3n. Las cookies persistentes permanecen en el ordenador hasta que son eliminadas por el usuario.<\/li>\n<li><em>Cookies anal\u00edticas:<\/em>\u00a0Estas cookies se utilizan para analizar el uso que hacen los usuarios del sitio y controlar su rendimiento. Estas cookies se utilizan \u00fanicamente con fines de creaci\u00f3n y an\u00e1lisis estad\u00edsticos, sin recoger nunca informaci\u00f3n personal.<\/li>\n<\/ul>\n<p>El navegador de su dispositivo le permite restringir el uso de Cookies simples, Cookies persistentes o cualquier otro tipo de Cookie. Si decide no permitir las Cookies simples, es posible que no pueda utilizar nuestro sitio o determinadas funciones.<\/p>\n<p>Adem\u00e1s de las cookies, tambi\u00e9n podemos utilizar etiquetas de p\u00edxel que nos permiten seguir los pasos de los usuarios de nuestro sitio. Estos marcadores no recogen informaci\u00f3n personal y se utilizan para recopilar datos con fines estad\u00edsticos.<\/p>\n<\/div><div class=\"fl-vc-responsive--gap cf fl-responsive-gap-69e2a6fb76452-1821 fl-vc--responsive\"   data-responsive-target='fl-responsive-gap-69e2a6fb76452-1821'  data-responsive-param='{\"height\":\"mobile:30px;\"}'  style=\"height:60px;\"><\/div><div class=\"fl-vc-custom-title-container text-left\" ><div class=\"fl-title-vc vc-default-title fl-font-style-bolt\" ><strong>USO DE LOS DATOS RECOGIDOS:<\/strong><\/div><\/div><div class=\"fl-vc-responsive--gap cf fl-responsive-gap-69e2a6fb764b1-4781 fl-vc--responsive\"   data-responsive-target='fl-responsive-gap-69e2a6fb764b1-4781'  data-responsive-param='{\"height\":\"mobile:20px;\"}'  style=\"height:30px;\"><\/div><div class=\"fl_custom_text__block fl-custom-text-69e2a6fb764d3-2105\" ><ul>\n<li>Optimizar la visita del usuario;<\/li>\n<li>Responder a las solicitudes de los usuarios, en particular los mensajes enviados a trav\u00e9s del formulario de contacto o la suscripci\u00f3n a boletines informativos;<\/li>\n<li>Fines estad\u00edsticos de los datos de navegaci\u00f3n;<\/li>\n<li>Mejorar la experiencia de navegaci\u00f3n del usuario a trav\u00e9s de la informaci\u00f3n recogida mediante Cookies y otras tecnolog\u00edas como pixel tags.<\/li>\n<\/ul>\n<\/div><div class=\"fl-vc-responsive--gap cf fl-responsive-gap-69e2a6fb76533-1794 fl-vc--responsive\"   data-responsive-target='fl-responsive-gap-69e2a6fb76533-1794'  data-responsive-param='{\"height\":\"mobile:30px;\"}'  style=\"height:60px;\"><\/div><div class=\"fl-vc-custom-title-container text-left\" ><div class=\"fl-title-vc vc-default-title fl-font-style-bolt\" ><strong>DERECHOS DEL USUARIO<\/strong><\/div><\/div><div class=\"fl-vc-responsive--gap cf fl-responsive-gap-69e2a6fb76593-285 fl-vc--responsive\"   data-responsive-target='fl-responsive-gap-69e2a6fb76593-285'  data-responsive-param='{\"height\":\"mobile:20px;\"}'  style=\"height:30px;\"><\/div><div class=\"fl_custom_text__block fl-custom-text-69e2a6fb765b5-944\" ><p>El usuario tiene derecho a acceder, actualizar, rectificar, eliminar, limitar y oponerse al tratamiento de sus datos, as\u00ed como el derecho a solicitar su portabilidad, a trav\u00e9s de una solicitud escrita enviada al correo electr\u00f3nico: info@carneirinhosboattrips.com<\/p>\n<p>Tambi\u00e9n tiene derecho a presentar una reclamaci\u00f3n relativa al tratamiento de sus datos ante la CNPD - Comisi\u00f3n Nacional de Protecci\u00f3n de Datos.<\/p>\n<\/div><div class=\"fl-vc-responsive--gap cf fl-responsive-gap-69e2a6fb765ef-8452 fl-vc--responsive\"   data-responsive-target='fl-responsive-gap-69e2a6fb765ef-8452'  data-responsive-param='{\"height\":\"mobile:30px;\"}'  style=\"height:60px;\"><\/div><div class=\"fl-vc-custom-title-container text-left\" ><div class=\"fl-title-vc vc-default-title fl-font-style-bolt\" ><strong>PERIODO DE CONSERVACI\u00d3N DE LOS DATOS<\/strong><\/div><\/div><div class=\"fl-vc-responsive--gap cf fl-responsive-gap-69e2a6fb7664a-4247 fl-vc--responsive\"   data-responsive-target='fl-responsive-gap-69e2a6fb7664a-4247'  data-responsive-param='{\"height\":\"mobile:20px;\"}'  style=\"height:30px;\"><\/div><div class=\"fl_custom_text__block fl-custom-text-69e2a6fb7666b-542\" ><p>Sus datos personales s\u00f3lo se conservar\u00e1n durante el tiempo necesario para los fines a los que est\u00e1n destinados, tal como se establece en la presente Pol\u00edtica de Privacidad.<\/p>\n<p>Todos los datos que se nos faciliten o que recojamos en virtud de la presente Pol\u00edtica de Privacidad se eliminar\u00e1n transcurrido un a\u00f1o desde su recogida.<\/p>\n<\/div><div class=\"fl-vc-responsive--gap cf fl-responsive-gap-69e2a6fb766a4-3788 fl-vc--responsive\"   data-responsive-target='fl-responsive-gap-69e2a6fb766a4-3788'  data-responsive-param='{\"height\":\"mobile:30px;\"}'  style=\"height:60px;\"><\/div><div class=\"fl-vc-custom-title-container text-left\" ><div class=\"fl-title-vc vc-default-title fl-font-style-bolt\" ><strong>DATOS PERSONALES COMUNICADOS A TERCEROS<\/strong><\/div><\/div><div class=\"fl-vc-responsive--gap cf fl-responsive-gap-69e2a6fb766fe-3026 fl-vc--responsive\"   data-responsive-target='fl-responsive-gap-69e2a6fb766fe-3026'  data-responsive-param='{\"height\":\"mobile:20px;\"}'  style=\"height:30px;\"><\/div><div class=\"fl_custom_text__block fl-custom-text-69e2a6fb7671f-152\" ><p>Carneirinho's Boat Trips puede utilizar otras entidades para la prestaci\u00f3n de determinados servicios, en t\u00e9rminos de mantenimiento, soporte t\u00e9cnico, marketing, que pueden tener acceso a algunos de los datos personales necesarios para prestar el servicio contratado.<\/p>\n<p>Carneirinho's Boat Trips tambi\u00e9n podr\u00e1 transmitir datos a terceros en el contexto de investigaciones, pesquisas y procedimientos judiciales y\/o administrativos o de naturaleza similar, siempre que as\u00ed lo ordene debidamente una orden judicial.<\/p>\n<\/div><div class=\"fl-vc-responsive--gap cf fl-responsive-gap-69e2a6fb76758-7137 fl-vc--responsive\"   data-responsive-target='fl-responsive-gap-69e2a6fb76758-7137'  data-responsive-param='{\"height\":\"mobile:30px;\"}'  style=\"height:60px;\"><\/div><div class=\"fl-vc-custom-title-container text-left\" ><div class=\"fl-title-vc vc-default-title fl-font-style-bolt\" ><strong>CAMBIOS EN LA POL\u00cdTICA DE PRIVACIDAD<\/strong><\/div><\/div><div class=\"fl-vc-responsive--gap cf fl-responsive-gap-69e2a6fb767b0-8570 fl-vc--responsive\"   data-responsive-target='fl-responsive-gap-69e2a6fb767b0-8570'  data-responsive-param='{\"height\":\"mobile:20px;\"}'  style=\"height:30px;\"><\/div><div class=\"fl_custom_text__block fl-custom-text-69e2a6fb767d0-9585\" ><p>Carneirinho's Boat Trips se reserva el derecho de cambiar su Pol\u00edtica de Privacidad en cualquier momento, por lo que le aconsejamos que la lea con regularidad.<\/p>\n<\/div><div class=\"fl-vc-responsive--gap cf fl-responsive-gap-69e2a6fb76800-4230 fl-vc--responsive\"   data-responsive-target='fl-responsive-gap-69e2a6fb76800-4230'  data-responsive-param='{\"height\":\"mobile:30px;\"}'  style=\"height:60px;\"><\/div><div class=\"fl-vc-custom-title-container text-left\" ><div class=\"fl-title-vc vc-default-title fl-font-style-bolt\" ><strong>DATOS DE CONTACTO<\/strong><\/div><\/div><div class=\"fl-vc-responsive--gap cf fl-responsive-gap-69e2a6fb76859-1497 fl-vc--responsive\"   data-responsive-target='fl-responsive-gap-69e2a6fb76859-1497'  data-responsive-param='{\"height\":\"mobile:20px;\"}'  style=\"height:30px;\"><\/div><div class=\"fl_custom_text__block fl-custom-text-69e2a6fb7687a-293\" ><p>Si tiene preguntas o dudas sobre esta Pol\u00edtica de privacidad o sobre las pr\u00e1cticas de privacidad de Carneirinho's Boat Trips, p\u00f3ngase en contacto con nosotros. Utilice el siguiente correo electr\u00f3nico: info@carneirinhosboattrips.com<\/p>\n<\/div><div class=\"fl-vc-responsive--gap cf fl-responsive-gap-69e2a6fb768a9-9150 fl-vc--responsive\"   data-responsive-target='fl-responsive-gap-69e2a6fb768a9-9150'  data-responsive-param='{\"height\":\"mobile:30px;\"}'  style=\"height:60px;\"><\/div><\/div><\/div><\/div><\/div>\n<\/section>","protected":false},"excerpt":{"rendered":"<p>General Terms and ConditionsCheck-in must be done up to 15 minutes before the activity, at the service desk of Carneirinho&#8217;s Boat Trips in the Boarding Area at Portim\u00e3o, Cais Vasco da Gama. VAT included at the current legal rate. Carneirinho&#8217;s Boat Trips reserves the right to change the PVPs. Carneirinho&#8217;s Boat Trips is not responsible <\/p>","protected":false},"author":1,"featured_media":0,"parent":0,"menu_order":0,"comment_status":"closed","ping_status":"closed","template":"","meta":{"_themeisle_gutenberg_block_has_review":false,"footnotes":""},"class_list":["post-19203","page","type-page","status-publish","hentry"],"acf":[],"yoast_head":"<!-- This site is optimized with the Yoast SEO plugin v22.6 - https:\/\/yoast.com\/wordpress\/plugins\/seo\/ -->\n<title>Terms and Conditions - Benagil Caves - Carneirinho&#039;s Boat Trips<\/title>\n<meta name=\"robots\" content=\"index, follow, max-snippet:-1, max-image-preview:large, max-video-preview:-1\" \/>\n<link rel=\"canonical\" href=\"https:\/\/carneirinhosboattrips.pt\/es\/terminos-y-condiciones\/\" \/>\n<meta property=\"og:locale\" content=\"es_ES\" \/>\n<meta property=\"og:type\" content=\"article\" \/>\n<meta property=\"og:title\" content=\"Terms and Conditions - Benagil Caves - Carneirinho&#039;s Boat Trips\" \/>\n<meta property=\"og:description\" content=\"General Terms and ConditionsCheck-in must be done up to 15 minutes before the activity, at the service desk of Carneirinho&#8217;s Boat Trips in the Boarding Area at Portim\u00e3o, Cais Vasco da Gama. VAT included at the current legal rate. Carneirinho&#8217;s Boat Trips reserves the right to change the PVPs. Carneirinho&#8217;s Boat Trips is not responsible\" \/>\n<meta property=\"og:url\" content=\"https:\/\/carneirinhosboattrips.pt\/es\/terminos-y-condiciones\/\" \/>\n<meta property=\"og:site_name\" content=\"Benagil Caves - Carneirinho&#039;s Boat Trips\" \/>\n<meta property=\"article:publisher\" content=\"https:\/\/www.facebook.com\/carneirinhosboattrips\" \/>\n<meta property=\"article:modified_time\" content=\"2023-03-09T11:46:34+00:00\" \/>\n<meta name=\"twitter:card\" content=\"summary_large_image\" \/>\n<meta name=\"twitter:label1\" content=\"Tiempo de lectura\" \/>\n\t<meta name=\"twitter:data1\" content=\"6 minutos\" \/>\n<script type=\"application\/ld+json\" class=\"yoast-schema-graph\">{\"@context\":\"https:\/\/schema.org\",\"@graph\":[{\"@type\":\"WebPage\",\"@id\":\"https:\/\/carneirinhosboattrips.pt\/terms-and-conditions\/\",\"url\":\"https:\/\/carneirinhosboattrips.pt\/terms-and-conditions\/\",\"name\":\"Terms and Conditions - Benagil Caves - Carneirinho&#039;s Boat Trips\",\"isPartOf\":{\"@id\":\"https:\/\/carneirinhosboattrips.pt\/#website\"},\"datePublished\":\"2023-03-08T18:08:43+00:00\",\"dateModified\":\"2023-03-09T11:46:34+00:00\",\"breadcrumb\":{\"@id\":\"https:\/\/carneirinhosboattrips.pt\/terms-and-conditions\/#breadcrumb\"},\"inLanguage\":\"es\",\"potentialAction\":[{\"@type\":\"ReadAction\",\"target\":[\"https:\/\/carneirinhosboattrips.pt\/terms-and-conditions\/\"]}]},{\"@type\":\"BreadcrumbList\",\"@id\":\"https:\/\/carneirinhosboattrips.pt\/terms-and-conditions\/#breadcrumb\",\"itemListElement\":[{\"@type\":\"ListItem\",\"position\":1,\"name\":\"Home\",\"item\":\"https:\/\/carneirinhosboattrips.pt\/\"},{\"@type\":\"ListItem\",\"position\":2,\"name\":\"Terms and Conditions\"}]},{\"@type\":\"WebSite\",\"@id\":\"https:\/\/carneirinhosboattrips.pt\/#website\",\"url\":\"https:\/\/carneirinhosboattrips.pt\/\",\"name\":\"Carneirinho's Boat Trips\",\"description\":\"\",\"publisher\":{\"@id\":\"https:\/\/carneirinhosboattrips.pt\/#organization\"},\"potentialAction\":[{\"@type\":\"SearchAction\",\"target\":{\"@type\":\"EntryPoint\",\"urlTemplate\":\"https:\/\/carneirinhosboattrips.pt\/?s={search_term_string}\"},\"query-input\":\"required name=search_term_string\"}],\"inLanguage\":\"es\"},{\"@type\":\"Organization\",\"@id\":\"https:\/\/carneirinhosboattrips.pt\/#organization\",\"name\":\"Carneirinho's Boat Trips\",\"url\":\"https:\/\/carneirinhosboattrips.pt\/\",\"logo\":{\"@type\":\"ImageObject\",\"inLanguage\":\"es\",\"@id\":\"https:\/\/carneirinhosboattrips.pt\/#\/schema\/logo\/image\/\",\"url\":\"https:\/\/carneirinhosboattrips.pt\/wp-content\/uploads\/2020\/07\/logo-website.png\",\"contentUrl\":\"https:\/\/carneirinhosboattrips.pt\/wp-content\/uploads\/2020\/07\/logo-website.png\",\"width\":1400,\"height\":700,\"caption\":\"Carneirinho's Boat Trips\"},\"image\":{\"@id\":\"https:\/\/carneirinhosboattrips.pt\/#\/schema\/logo\/image\/\"},\"sameAs\":[\"https:\/\/www.facebook.com\/carneirinhosboattrips\"]}]}<\/script>\n<!-- \/ Yoast SEO plugin. -->","yoast_head_json":{"title":"Terms and Conditions - Benagil Caves - Carneirinho&#039;s Boat Trips","robots":{"index":"index","follow":"follow","max-snippet":"max-snippet:-1","max-image-preview":"max-image-preview:large","max-video-preview":"max-video-preview:-1"},"canonical":"https:\/\/carneirinhosboattrips.pt\/es\/terminos-y-condiciones\/","og_locale":"es_ES","og_type":"article","og_title":"Terms and Conditions - Benagil Caves - Carneirinho&#039;s Boat Trips","og_description":"General Terms and ConditionsCheck-in must be done up to 15 minutes before the activity, at the service desk of Carneirinho&#8217;s Boat Trips in the Boarding Area at Portim\u00e3o, Cais Vasco da Gama. VAT included at the current legal rate. Carneirinho&#8217;s Boat Trips reserves the right to change the PVPs. Carneirinho&#8217;s Boat Trips is not responsible","og_url":"https:\/\/carneirinhosboattrips.pt\/es\/terminos-y-condiciones\/","og_site_name":"Benagil Caves - Carneirinho&#039;s Boat Trips","article_publisher":"https:\/\/www.facebook.com\/carneirinhosboattrips","article_modified_time":"2023-03-09T11:46:34+00:00","twitter_card":"summary_large_image","twitter_misc":{"Tiempo de lectura":"6 minutos"},"schema":{"@context":"https:\/\/schema.org","@graph":[{"@type":"WebPage","@id":"https:\/\/carneirinhosboattrips.pt\/terms-and-conditions\/","url":"https:\/\/carneirinhosboattrips.pt\/terms-and-conditions\/","name":"Terms and Conditions - Benagil Caves - Carneirinho&#039;s Boat Trips","isPartOf":{"@id":"https:\/\/carneirinhosboattrips.pt\/#website"},"datePublished":"2023-03-08T18:08:43+00:00","dateModified":"2023-03-09T11:46:34+00:00","breadcrumb":{"@id":"https:\/\/carneirinhosboattrips.pt\/terms-and-conditions\/#breadcrumb"},"inLanguage":"es","potentialAction":[{"@type":"ReadAction","target":["https:\/\/carneirinhosboattrips.pt\/terms-and-conditions\/"]}]},{"@type":"BreadcrumbList","@id":"https:\/\/carneirinhosboattrips.pt\/terms-and-conditions\/#breadcrumb","itemListElement":[{"@type":"ListItem","position":1,"name":"Home","item":"https:\/\/carneirinhosboattrips.pt\/"},{"@type":"ListItem","position":2,"name":"Terms and Conditions"}]},{"@type":"WebSite","@id":"https:\/\/carneirinhosboattrips.pt\/#website","url":"https:\/\/carneirinhosboattrips.pt\/","name":"Carneirinho's Boat Trips","description":"","publisher":{"@id":"https:\/\/carneirinhosboattrips.pt\/#organization"},"potentialAction":[{"@type":"SearchAction","target":{"@type":"EntryPoint","urlTemplate":"https:\/\/carneirinhosboattrips.pt\/?s={search_term_string}"},"query-input":"required name=search_term_string"}],"inLanguage":"es"},{"@type":"Organization","@id":"https:\/\/carneirinhosboattrips.pt\/#organization","name":"Carneirinho's Boat Trips","url":"https:\/\/carneirinhosboattrips.pt\/","logo":{"@type":"ImageObject","inLanguage":"es","@id":"https:\/\/carneirinhosboattrips.pt\/#\/schema\/logo\/image\/","url":"https:\/\/carneirinhosboattrips.pt\/wp-content\/uploads\/2020\/07\/logo-website.png","contentUrl":"https:\/\/carneirinhosboattrips.pt\/wp-content\/uploads\/2020\/07\/logo-website.png","width":1400,"height":700,"caption":"Carneirinho's Boat Trips"},"image":{"@id":"https:\/\/carneirinhosboattrips.pt\/#\/schema\/logo\/image\/"},"sameAs":["https:\/\/www.facebook.com\/carneirinhosboattrips"]}]}},"_links":{"self":[{"href":"https:\/\/carneirinhosboattrips.pt\/es\/wp-json\/wp\/v2\/pages\/19203","targetHints":{"allow":["GET"]}}],"collection":[{"href":"https:\/\/carneirinhosboattrips.pt\/es\/wp-json\/wp\/v2\/pages"}],"about":[{"href":"https:\/\/carneirinhosboattrips.pt\/es\/wp-json\/wp\/v2\/types\/page"}],"author":[{"embeddable":true,"href":"https:\/\/carneirinhosboattrips.pt\/es\/wp-json\/wp\/v2\/users\/1"}],"replies":[{"embeddable":true,"href":"https:\/\/carneirinhosboattrips.pt\/es\/wp-json\/wp\/v2\/comments?post=19203"}],"version-history":[{"count":6,"href":"https:\/\/carneirinhosboattrips.pt\/es\/wp-json\/wp\/v2\/pages\/19203\/revisions"}],"predecessor-version":[{"id":19226,"href":"https:\/\/carneirinhosboattrips.pt\/es\/wp-json\/wp\/v2\/pages\/19203\/revisions\/19226"}],"wp:attachment":[{"href":"https:\/\/carneirinhosboattrips.pt\/es\/wp-json\/wp\/v2\/media?parent=19203"}],"curies":[{"name":"wp","href":"https:\/\/api.w.org\/{rel}","templated":true}]}}