{"id":19219,"date":"2023-03-09T12:37:18","date_gmt":"2023-03-09T12:37:18","guid":{"rendered":"https:\/\/carneirinhosboattrips.pt\/?page_id=19219"},"modified":"2023-03-09T12:37:18","modified_gmt":"2023-03-09T12:37:18","slug":"clean-safe","status":"publish","type":"page","link":"https:\/\/carneirinhosboattrips.pt\/de\/sauber-sicher\/","title":{"rendered":"Sauber &amp; Sicher"},"content":{"rendered":"<section class=\"wpb-content-wrapper\"><div class=\"vc_row wpb_row vc_row-fluid\"><div class=\"wpb_column vc_column_container vc_col-sm-12\"><div class=\"vc_column-inner\"><div class=\"wpb_wrapper\"><div class=\"fl-vc-responsive--gap cf fl-responsive-gap-69f55c9eb0df4-8671 fl-vc--responsive\"   data-responsive-target='fl-responsive-gap-69f55c9eb0df4-8671'  data-responsive-param='{\"height\":\"mobile:30px;\"}'  style=\"height:60px;\"><\/div><div class=\"fl-vc-custom-title-container text-left\" ><div class=\"fl-title-vc vc-default-title fl-font-style-bolt\" >Sauber und sicher<\/div><\/div><div class=\"fl-vc-responsive--gap cf fl-responsive-gap-69f55c9eb0eb2-5068 fl-vc--responsive\"   data-responsive-target='fl-responsive-gap-69f55c9eb0eb2-5068'  data-responsive-param='{\"height\":\"mobile:20px;\"}'  style=\"height:30px;\"><\/div><div class=\"fl_custom_text__block fl-custom-text-69f55c9eb0ef0-8480\" ><p><b>Die Gesundheit unserer Kunden hat f\u00fcr uns oberste Priorit\u00e4t<\/b> au\u00dferdem haben wir besondere Ma\u00dfnahmen ergriffen, um die Sicherheit aller G\u00e4ste w\u00e4hrend und nach ihrer Aktivit\u00e4t zu gew\u00e4hrleisten.<\/p>\n<p>Da wir uns an die Empfehlungen der portugiesischen Gesundheitsbeh\u00f6rde halten, hat das Handbuch der guten Praktiken f\u00fcr Unternehmen im Meerestourismus auch die\u00a0<b>Clean &amp; Safe-Zertifikat von Turismo de Portugal.<\/b><\/p>\n<\/div><div class=\"fl-vc-responsive--gap cf fl-responsive-gap-69f55c9eb0f6a-2276 fl-vc--responsive\"   data-responsive-target='fl-responsive-gap-69f55c9eb0f6a-2276'  data-responsive-param='{\"height\":\"mobile:30px;\"}'  style=\"height:60px;\"><\/div><div  class=\"wpb_single_image vc_align_center\">\n                <div class=\"wpb_wrapper vc_figure\">\n\t\t\t        <div class=\"vc_single_image-wrapper\"><img loading=\"lazy\" decoding=\"async\" width=\"300\" height=\"300\" src=\"https:\/\/carneirinhosboattrips.pt\/wp-content\/uploads\/2023\/03\/SafeandClean-300x300.png\" class=\"vc_single_image-img attachment-medium\" alt=\"\" title=\"SafeandClean\" srcset=\"\" sizes=\"auto, (max-width: 300px) 100vw, 300px\" data-srcset=\"\" \/><\/div>\n\t\t        <\/div> \n\t\t   <\/div><div class=\"fl-vc-responsive--gap cf fl-responsive-gap-69f55c9eb14ff-3818 fl-vc--responsive\"   data-responsive-target='fl-responsive-gap-69f55c9eb14ff-3818'  data-responsive-param='{\"height\":\"mobile:30px;\"}'  style=\"height:60px;\"><\/div><div class=\"fl_custom_text__block fl-custom-text-69f55c9eb1541-2600\" ><p><b>Sorgf\u00e4ltige Reinigung<\/b>\u00a0- Wir desinfizieren die Oberfl\u00e4chen und die stark frequentierten Bereiche zwischen den F\u00fchrungen h\u00e4ufiger, und das H\u00e4ndedesinfektionsmittel steht allen unseren G\u00e4sten zur Verf\u00fcgung. Alle G\u00e4ste m\u00fcssen ihre H\u00e4nde vor der F\u00fchrung desinfizieren.<\/p>\n<p><b>Sozialf\u00fcrsorge<\/b>\u00a0- Alle G\u00e4ste tragen bei Bedarf w\u00e4hrend der Aktivit\u00e4t eine Maske. Au\u00dferdem verwenden alle Mitarbeiter bei Bedarf PSA.<\/p>\n<p><b>Wellness-Checks<\/b> - Die Mitarbeiter f\u00fchren Wellness-Checks durch, um sicherzustellen, dass sie gesund sind. Wir bitten unsere G\u00e4ste, freiwillig zu akzeptieren, dass sie bei Bedarf ihre Temperatur messen lassen. Wenn Sie oder jemand in Ihrer Gruppe Symptome hat, werden wir direkt mit Ihnen zusammenarbeiten, um Ihre Tour zu stornieren oder zu verschieben.<\/p>\n<\/div><div class=\"fl-vc-responsive--gap cf fl-responsive-gap-69f55c9eb15c9-5214 fl-vc--responsive\"   data-responsive-target='fl-responsive-gap-69f55c9eb15c9-5214'  data-responsive-param='{\"height\":\"mobile:30px;\"}'  style=\"height:60px;\"><\/div><\/div><\/div><\/div><\/div>\n<\/section>","protected":false},"excerpt":{"rendered":"<p>Clean and SafeOur Clients health is our top priority also we have taken special measures to keep all guests safe during and after their activity. As we follow the recommendations of the Portuguese General Health Department, the Manual of Good Practices for Maritime Tourism companies also have the\u00a0Clean &amp; Safe certification from Turismo de Portugal. <\/p>","protected":false},"author":1,"featured_media":0,"parent":0,"menu_order":0,"comment_status":"closed","ping_status":"closed","template":"","meta":{"_themeisle_gutenberg_block_has_review":false,"footnotes":""},"class_list":["post-19219","page","type-page","status-publish","hentry"],"acf":[],"yoast_head":"<!-- This site is optimized with the Yoast SEO plugin v22.6 - https:\/\/yoast.com\/wordpress\/plugins\/seo\/ -->\n<title>Clean &amp; Safe - Benagil Caves - Carneirinho&#039;s Boat Trips<\/title>\n<meta name=\"robots\" content=\"index, follow, max-snippet:-1, max-image-preview:large, max-video-preview:-1\" \/>\n<link rel=\"canonical\" href=\"https:\/\/carneirinhosboattrips.pt\/de\/sauber-sicher\/\" \/>\n<meta property=\"og:locale\" content=\"de_DE\" \/>\n<meta property=\"og:type\" content=\"article\" \/>\n<meta property=\"og:title\" content=\"Clean &amp; Safe - Benagil Caves - Carneirinho&#039;s Boat Trips\" \/>\n<meta property=\"og:description\" content=\"Clean and SafeOur Clients health is our top priority also we have taken special measures to keep all guests safe during and after their activity. As we follow the recommendations of the Portuguese General Health Department, the Manual of Good Practices for Maritime Tourism companies also have the\u00a0Clean &amp; Safe certification from Turismo de Portugal.\" \/>\n<meta property=\"og:url\" content=\"https:\/\/carneirinhosboattrips.pt\/de\/sauber-sicher\/\" \/>\n<meta property=\"og:site_name\" content=\"Benagil Caves - Carneirinho&#039;s Boat Trips\" \/>\n<meta property=\"article:publisher\" content=\"https:\/\/www.facebook.com\/carneirinhosboattrips\" \/>\n<meta name=\"twitter:card\" content=\"summary_large_image\" \/>\n<meta name=\"twitter:label1\" content=\"Gesch\u00e4tzte Lesezeit\" \/>\n\t<meta name=\"twitter:data1\" content=\"1\u00a0Minute\" \/>\n<script type=\"application\/ld+json\" class=\"yoast-schema-graph\">{\"@context\":\"https:\/\/schema.org\",\"@graph\":[{\"@type\":\"WebPage\",\"@id\":\"https:\/\/carneirinhosboattrips.pt\/clean-safe\/\",\"url\":\"https:\/\/carneirinhosboattrips.pt\/clean-safe\/\",\"name\":\"Clean & Safe - Benagil Caves - Carneirinho&#039;s Boat Trips\",\"isPartOf\":{\"@id\":\"https:\/\/carneirinhosboattrips.pt\/#website\"},\"datePublished\":\"2023-03-09T12:37:18+00:00\",\"dateModified\":\"2023-03-09T12:37:18+00:00\",\"breadcrumb\":{\"@id\":\"https:\/\/carneirinhosboattrips.pt\/clean-safe\/#breadcrumb\"},\"inLanguage\":\"de\",\"potentialAction\":[{\"@type\":\"ReadAction\",\"target\":[\"https:\/\/carneirinhosboattrips.pt\/clean-safe\/\"]}]},{\"@type\":\"BreadcrumbList\",\"@id\":\"https:\/\/carneirinhosboattrips.pt\/clean-safe\/#breadcrumb\",\"itemListElement\":[{\"@type\":\"ListItem\",\"position\":1,\"name\":\"Home\",\"item\":\"https:\/\/carneirinhosboattrips.pt\/\"},{\"@type\":\"ListItem\",\"position\":2,\"name\":\"Clean &#038; Safe\"}]},{\"@type\":\"WebSite\",\"@id\":\"https:\/\/carneirinhosboattrips.pt\/#website\",\"url\":\"https:\/\/carneirinhosboattrips.pt\/\",\"name\":\"Carneirinho's Boat Trips\",\"description\":\"\",\"publisher\":{\"@id\":\"https:\/\/carneirinhosboattrips.pt\/#organization\"},\"potentialAction\":[{\"@type\":\"SearchAction\",\"target\":{\"@type\":\"EntryPoint\",\"urlTemplate\":\"https:\/\/carneirinhosboattrips.pt\/?s={search_term_string}\"},\"query-input\":\"required name=search_term_string\"}],\"inLanguage\":\"de\"},{\"@type\":\"Organization\",\"@id\":\"https:\/\/carneirinhosboattrips.pt\/#organization\",\"name\":\"Carneirinho's Boat Trips\",\"url\":\"https:\/\/carneirinhosboattrips.pt\/\",\"logo\":{\"@type\":\"ImageObject\",\"inLanguage\":\"de\",\"@id\":\"https:\/\/carneirinhosboattrips.pt\/#\/schema\/logo\/image\/\",\"url\":\"https:\/\/carneirinhosboattrips.pt\/wp-content\/uploads\/2020\/07\/logo-website.png\",\"contentUrl\":\"https:\/\/carneirinhosboattrips.pt\/wp-content\/uploads\/2020\/07\/logo-website.png\",\"width\":1400,\"height\":700,\"caption\":\"Carneirinho's Boat Trips\"},\"image\":{\"@id\":\"https:\/\/carneirinhosboattrips.pt\/#\/schema\/logo\/image\/\"},\"sameAs\":[\"https:\/\/www.facebook.com\/carneirinhosboattrips\"]}]}<\/script>\n<!-- \/ Yoast SEO plugin. -->","yoast_head_json":{"title":"Clean & Safe - Benagil Caves - Carneirinho&#039;s Boat Trips","robots":{"index":"index","follow":"follow","max-snippet":"max-snippet:-1","max-image-preview":"max-image-preview:large","max-video-preview":"max-video-preview:-1"},"canonical":"https:\/\/carneirinhosboattrips.pt\/de\/sauber-sicher\/","og_locale":"de_DE","og_type":"article","og_title":"Clean & Safe - Benagil Caves - Carneirinho&#039;s Boat Trips","og_description":"Clean and SafeOur Clients health is our top priority also we have taken special measures to keep all guests safe during and after their activity. As we follow the recommendations of the Portuguese General Health Department, the Manual of Good Practices for Maritime Tourism companies also have the\u00a0Clean &amp; Safe certification from Turismo de Portugal.","og_url":"https:\/\/carneirinhosboattrips.pt\/de\/sauber-sicher\/","og_site_name":"Benagil Caves - Carneirinho&#039;s Boat Trips","article_publisher":"https:\/\/www.facebook.com\/carneirinhosboattrips","twitter_card":"summary_large_image","twitter_misc":{"Gesch\u00e4tzte Lesezeit":"1\u00a0Minute"},"schema":{"@context":"https:\/\/schema.org","@graph":[{"@type":"WebPage","@id":"https:\/\/carneirinhosboattrips.pt\/clean-safe\/","url":"https:\/\/carneirinhosboattrips.pt\/clean-safe\/","name":"Clean & Safe - Benagil Caves - Carneirinho&#039;s Boat Trips","isPartOf":{"@id":"https:\/\/carneirinhosboattrips.pt\/#website"},"datePublished":"2023-03-09T12:37:18+00:00","dateModified":"2023-03-09T12:37:18+00:00","breadcrumb":{"@id":"https:\/\/carneirinhosboattrips.pt\/clean-safe\/#breadcrumb"},"inLanguage":"de","potentialAction":[{"@type":"ReadAction","target":["https:\/\/carneirinhosboattrips.pt\/clean-safe\/"]}]},{"@type":"BreadcrumbList","@id":"https:\/\/carneirinhosboattrips.pt\/clean-safe\/#breadcrumb","itemListElement":[{"@type":"ListItem","position":1,"name":"Home","item":"https:\/\/carneirinhosboattrips.pt\/"},{"@type":"ListItem","position":2,"name":"Clean &#038; Safe"}]},{"@type":"WebSite","@id":"https:\/\/carneirinhosboattrips.pt\/#website","url":"https:\/\/carneirinhosboattrips.pt\/","name":"Carneirinho's Boat Trips","description":"","publisher":{"@id":"https:\/\/carneirinhosboattrips.pt\/#organization"},"potentialAction":[{"@type":"SearchAction","target":{"@type":"EntryPoint","urlTemplate":"https:\/\/carneirinhosboattrips.pt\/?s={search_term_string}"},"query-input":"required name=search_term_string"}],"inLanguage":"de"},{"@type":"Organization","@id":"https:\/\/carneirinhosboattrips.pt\/#organization","name":"Carneirinho's Boat Trips","url":"https:\/\/carneirinhosboattrips.pt\/","logo":{"@type":"ImageObject","inLanguage":"de","@id":"https:\/\/carneirinhosboattrips.pt\/#\/schema\/logo\/image\/","url":"https:\/\/carneirinhosboattrips.pt\/wp-content\/uploads\/2020\/07\/logo-website.png","contentUrl":"https:\/\/carneirinhosboattrips.pt\/wp-content\/uploads\/2020\/07\/logo-website.png","width":1400,"height":700,"caption":"Carneirinho's Boat Trips"},"image":{"@id":"https:\/\/carneirinhosboattrips.pt\/#\/schema\/logo\/image\/"},"sameAs":["https:\/\/www.facebook.com\/carneirinhosboattrips"]}]}},"_links":{"self":[{"href":"https:\/\/carneirinhosboattrips.pt\/de\/wp-json\/wp\/v2\/pages\/19219","targetHints":{"allow":["GET"]}}],"collection":[{"href":"https:\/\/carneirinhosboattrips.pt\/de\/wp-json\/wp\/v2\/pages"}],"about":[{"href":"https:\/\/carneirinhosboattrips.pt\/de\/wp-json\/wp\/v2\/types\/page"}],"author":[{"embeddable":true,"href":"https:\/\/carneirinhosboattrips.pt\/de\/wp-json\/wp\/v2\/users\/1"}],"replies":[{"embeddable":true,"href":"https:\/\/carneirinhosboattrips.pt\/de\/wp-json\/wp\/v2\/comments?post=19219"}],"version-history":[{"count":4,"href":"https:\/\/carneirinhosboattrips.pt\/de\/wp-json\/wp\/v2\/pages\/19219\/revisions"}],"predecessor-version":[{"id":19227,"href":"https:\/\/carneirinhosboattrips.pt\/de\/wp-json\/wp\/v2\/pages\/19219\/revisions\/19227"}],"wp:attachment":[{"href":"https:\/\/carneirinhosboattrips.pt\/de\/wp-json\/wp\/v2\/media?parent=19219"}],"curies":[{"name":"wp","href":"https:\/\/api.w.org\/{rel}","templated":true}]}}