{"id":19208,"date":"2023-03-09T09:56:16","date_gmt":"2023-03-09T09:56:16","guid":{"rendered":"https:\/\/carneirinhosboattrips.pt\/?page_id=19208"},"modified":"2023-03-09T09:56:16","modified_gmt":"2023-03-09T09:56:16","slug":"faq","status":"publish","type":"page","link":"https:\/\/carneirinhosboattrips.pt\/de\/faq\/","title":{"rendered":"FAQ"},"content":{"rendered":"<section class=\"wpb-content-wrapper\"><div class=\"vc_row wpb_row vc_row-fluid\"><div class=\"wpb_column vc_column_container vc_col-sm-12\"><div class=\"vc_column-inner\"><div class=\"wpb_wrapper\"><div class=\"fl-vc-responsive--gap cf fl-responsive-gap-69f5148b386ef-2535 fl-vc--responsive\"   data-responsive-target='fl-responsive-gap-69f5148b386ef-2535'  data-responsive-param='{\"height\":\"mobile:30px;\"}'  style=\"height:60px;\"><\/div><div class=\"fl-vc-custom-title-container text-left\" ><div class=\"fl-title-vc vc-default-title fl-font-style-bolt\" ><span class=\"fl-secondary-color\">Frequently<\/span> Asked <strong><span class=\"fl-primary-color\">Questions<\/span><\/strong><\/div><\/div><div class=\"fl-vc-responsive--gap cf fl-responsive-gap-69f5148b38769-5906 fl-vc--responsive\"   data-responsive-target='fl-responsive-gap-69f5148b38769-5906'  data-responsive-param='{\"height\":\"mobile:30px;\"}'  style=\"height:60px;\"><\/div><div  class=\"vc_toggle vc_toggle_default vc_toggle_color_default  vc_toggle_size_md\"><div class=\"vc_toggle_title\"><h4>WAS IST MIT UNSEREN SACHEN?<\/h4><i class=\"vc_toggle_icon\"><\/i><\/div><div class=\"vc_toggle_content\"><p>Sie k\u00f6nnen sie mitnehmen, aber wenn es nicht viele Dinge sind, die die anderen Kunden auf dem Boot st\u00f6ren k\u00f6nnten.<\/p>\n<p>Im Bedarfsfall bewahren wir Ihre Sachen auch gerne bis zum Ende der Reise in unserer Obhut auf.<\/p>\n<\/div><\/div><div class=\"fl-vc-responsive--gap cf\"  style=\"height:20px;\"><\/div><div  class=\"vc_toggle vc_toggle_default vc_toggle_color_default  vc_toggle_size_md\"><div class=\"vc_toggle_title\"><h4>ZAHLEN KINDER?<\/h4><i class=\"vc_toggle_icon\"><\/i><\/div><div class=\"vc_toggle_content\"><p>Ja, das tun sie! Allerdings zahlen Kinder unter 10 Jahren einen erm\u00e4\u00dfigten Preis.<\/p>\n<\/div><\/div><div class=\"fl-vc-responsive--gap cf\"  style=\"height:20px;\"><\/div><div  class=\"vc_toggle vc_toggle_default vc_toggle_color_default  vc_toggle_size_md\"><div class=\"vc_toggle_title\"><h4>MUSS ICH VOR DER REISE BEZAHLEN?<\/h4><i class=\"vc_toggle_icon\"><\/i><\/div><div class=\"vc_toggle_content\"><p>Ja, Sie zahlen den Gesamtbetrag zum Zeitpunkt der Buchung.<\/p>\n<p><strong>Warum?<\/strong><\/p>\n<p>Nun, damit wir unsere Tournee so gut wie m\u00f6glich durchf\u00fchren k\u00f6nnen, m\u00fcssen wir die volle Kontrolle \u00fcber die gebuchten Pl\u00e4tze haben und \u00dcberbuchungen und Stornierungen in letzter Minute vermeiden.<\/p>\n<p>Wir haben eine 24-st\u00fcndige Stornierungsfrist f\u00fcr eine volle R\u00fcckerstattung.<\/p>\n<\/div><\/div><div class=\"fl-vc-responsive--gap cf\"  style=\"height:20px;\"><\/div><div  class=\"vc_toggle vc_toggle_default vc_toggle_color_default  vc_toggle_size_md\"><div class=\"vc_toggle_title\"><h4>WAS SOLLEN WIR ANZIEHEN?<\/h4><i class=\"vc_toggle_icon\"><\/i><\/div><div class=\"vc_toggle_content\"><p>Wir empfehlen bequeme Kleidung, die einigerma\u00dfen wasserdicht ist, da Sie w\u00e4hrend der gesamten Fahrt sitzen werden. Um das Boot zu betreten und zu verlassen, werden Ihre F\u00fc\u00dfe im Wasser sein, daher empfehlen wir Ihnen Flip Flops oder Sandalen.<\/p>\n<\/div><\/div><div class=\"fl-vc-responsive--gap cf\"  style=\"height:20px;\"><\/div><div  class=\"vc_toggle vc_toggle_default vc_toggle_color_default  vc_toggle_size_md\"><div class=\"vc_toggle_title\"><h4>KANN ICH MEIN HANDY UND MEINE KAMERA MITNEHMEN?<\/h4><i class=\"vc_toggle_icon\"><\/i><\/div><div class=\"vc_toggle_content\"><p>Ja, nat\u00fcrlich! Sie k\u00f6nnen gerne Ihr Handy und Ihre Kamera mitbringen, um Fotos von der sch\u00f6nen K\u00fcstenlinie zu machen. Unser Boot ist neu und sehr stabil, aber Sie sind auf dem Meer und sollten vorsichtig mit Ihren Ger\u00e4ten sein. Wir \u00fcbernehmen keine Verantwortung f\u00fcr verlorene Gegenst\u00e4nde.<\/p>\n<\/div><\/div><div class=\"fl-vc-responsive--gap cf fl-responsive-gap-69f5148b390d3-3420 fl-vc--responsive\"   data-responsive-target='fl-responsive-gap-69f5148b390d3-3420'  data-responsive-param='{\"height\":\"mobile:40px;\"}'  style=\"height:80px;\"><\/div><div class=\"fl-vc-custom-title-container text-center\" ><div class=\"fl-title-vc vc-default-title fl-font-style-bolt\" ><strong><span class=\"fl-secondary-color\" style=\"font-size: 18px;\">Haben Sie noch Fragen?<\/span><\/strong><br \/>\n<span class=\"fl-primary-color\">Kontakt<\/span> <strong>aufnehmen<\/strong><\/div><\/div><div class=\"fl-vc-responsive--gap cf fl-responsive-gap-69f5148b3913e-9783 fl-vc--responsive\"   data-responsive-target='fl-responsive-gap-69f5148b3913e-9783'  data-responsive-param='{\"height\":\"mobile:25px;\"}'  style=\"height:40px;\"><\/div>\n<div class=\"wpcf7 no-js\" id=\"wpcf7-f18221-o1\" lang=\"en-US\" dir=\"ltr\">\n<div class=\"screen-reader-response\"><p role=\"status\" aria-live=\"polite\" aria-atomic=\"true\"><\/p> <ul><\/ul><\/div>\n<form action=\"\/de\/wp-json\/wp\/v2\/pages\/19208#wpcf7-f18221-o1\" method=\"post\" class=\"wpcf7-form init\" aria-label=\"Contact form\" novalidate=\"novalidate\" data-status=\"init\" data-trp-original-action=\"\/de\/wp-json\/wp\/v2\/pages\/19208#wpcf7-f18221-o1\">\n<div style=\"display: none;\">\n<input type=\"hidden\" name=\"_wpcf7\" value=\"18221\" \/>\n<input type=\"hidden\" name=\"_wpcf7_version\" value=\"5.9.4\" \/>\n<input type=\"hidden\" name=\"_wpcf7_locale\" value=\"en_US\" \/>\n<input type=\"hidden\" name=\"_wpcf7_unit_tag\" value=\"wpcf7-f18221-o1\" \/>\n<input type=\"hidden\" name=\"_wpcf7_container_post\" value=\"0\" \/>\n<input type=\"hidden\" name=\"_wpcf7_posted_data_hash\" value=\"\" \/>\n<input type=\"hidden\" name=\"_wpcf7_recaptcha_response\" value=\"\" \/>\n<\/div>\n<div class=\"fl-home-page-form\">\n\t<div class=\"row\">\n\t\t<div class=\"input-container double-container col-md-6\">\n\t\t\t<p><span class=\"wpcf7-form-control-wrap\" data-name=\"first-name\"><input size=\"40\" class=\"wpcf7-form-control wpcf7-text wpcf7-validates-as-required\" aria-required=\"true\" aria-invalid=\"false\" placeholder=\"Vorname\" value=\"\" type=\"text\" name=\"first-name\" \/><\/span>\n\t\t\t<\/p>\n\t\t<\/div>\n\t\t<div class=\"input-container double-container col-md-6\">\n\t\t\t<p><span class=\"wpcf7-form-control-wrap\" data-name=\"last-name\"><input size=\"40\" class=\"wpcf7-form-control wpcf7-text\" aria-invalid=\"false\" placeholder=\"Nachname\" value=\"\" type=\"text\" name=\"last-name\" \/><\/span>\n\t\t\t<\/p>\n\t\t<\/div>\n\t\t<div class=\"input-container double-container col-md-6\">\n\t\t\t<p><span class=\"wpcf7-form-control-wrap\" data-name=\"your-email\"><input size=\"40\" class=\"wpcf7-form-control wpcf7-email wpcf7-validates-as-required wpcf7-text wpcf7-validates-as-email\" aria-required=\"true\" aria-invalid=\"false\" placeholder=\"Deine E-Mail\" value=\"\" type=\"email\" name=\"your-email\" \/><\/span>\n\t\t\t<\/p>\n\t\t<\/div>\n\t\t<div class=\"input-container double-container col-md-6\">\n\t\t\t<p><span class=\"wpcf7-form-control-wrap\" data-name=\"your-phone\"><input size=\"40\" class=\"wpcf7-form-control wpcf7-tel wpcf7-validates-as-required wpcf7-text wpcf7-validates-as-tel\" aria-required=\"true\" aria-invalid=\"false\" placeholder=\"Ihr Telefon\" value=\"\" type=\"tel\" name=\"your-phone\" \/><\/span>\n\t\t\t<\/p>\n\t\t<\/div>\n\t\t<div class=\"input-container full-container col-12\">\n\t\t\t<p><span class=\"wpcf7-form-control-wrap\" data-name=\"your-subject\"><input size=\"40\" class=\"wpcf7-form-control wpcf7-text\" aria-invalid=\"false\" placeholder=\"Thema\" value=\"\" type=\"text\" name=\"your-subject\" \/><\/span>\n\t\t\t<\/p>\n\t\t<\/div>\n\t\t<div class=\"textarea-container col-12\">\n\t\t\t<p><span class=\"wpcf7-form-control-wrap\" data-name=\"your-message\"><textarea cols=\"40\" rows=\"10\" class=\"wpcf7-form-control wpcf7-textarea\" aria-invalid=\"false\" placeholder=\"Nachricht\" name=\"your-message\"><\/textarea><\/span>\n\t\t\t<\/p>\n\t\t<\/div>\n\t\t<div class=\"submit-btn-container col-12 text-center\">\n\t\t\t<p><button type=\"submit\" class=\"fl-font-style-bolt-two default-btn submit-comment\">Nachricht senden<\/button>\n\t\t\t<\/p>\n\t\t<\/div>\n\t<\/div>\n<\/div><div class=\"wpcf7-response-output\" aria-hidden=\"true\"><\/div>\n<input type=\"hidden\" name=\"trp-form-language\" value=\"de\"\/><\/form>\n<\/div>\n<div class=\"fl-vc-responsive--gap cf fl-responsive-gap-69f5148b3a5aa-3410 fl-vc--responsive\"   data-responsive-target='fl-responsive-gap-69f5148b3a5aa-3410'  data-responsive-param='{\"height\":\"mobile:30px;\"}'  style=\"height:60px;\"><\/div><\/div><\/div><\/div><\/div>\n<\/section>","protected":false},"excerpt":{"rendered":"<p>H\u00e4ufig gestellte FragenWas ist mit unseren Sachen?Sie k\u00f6nnen sie mitnehmen, aber wenn es nicht viele Dinge sind, die die anderen Kunden auf dem Boot st\u00f6ren k\u00f6nnten. Im Bedarfsfall sind wir auch gerne bereit, Ihre Sachen bis zum Ende der Reise in unserer Obhut zu behalten. BEZAHLEN KINDER?ja, das tun sie! Allerdings, <\/p>","protected":false},"author":1,"featured_media":0,"parent":0,"menu_order":0,"comment_status":"closed","ping_status":"closed","template":"","meta":{"_themeisle_gutenberg_block_has_review":false,"footnotes":""},"class_list":["post-19208","page","type-page","status-publish","hentry"],"acf":[],"yoast_head":"<!-- This site is optimized with the Yoast SEO plugin v22.6 - https:\/\/yoast.com\/wordpress\/plugins\/seo\/ -->\n<title>FAQ - Benagil Caves - Carneirinho&#039;s Boat Trips<\/title>\n<meta name=\"robots\" content=\"index, follow, max-snippet:-1, max-image-preview:large, max-video-preview:-1\" \/>\n<link rel=\"canonical\" href=\"https:\/\/carneirinhosboattrips.pt\/de\/faq\/\" \/>\n<meta property=\"og:locale\" content=\"de_DE\" \/>\n<meta property=\"og:type\" content=\"article\" \/>\n<meta property=\"og:title\" content=\"FAQ - Benagil Caves - Carneirinho&#039;s Boat Trips\" \/>\n<meta property=\"og:description\" content=\"Frequently Asked QuestionsWHAT ABOUT OUR STUFF?You can take them with you but if it\u2019s not a lot of things that could disturb the other customer on the boat. Also, in case of need, we are happy to keep your things in our care until the end of the trip. DO CHILDREN PAY?Yes, they do! However,\" \/>\n<meta property=\"og:url\" content=\"https:\/\/carneirinhosboattrips.pt\/de\/faq\/\" \/>\n<meta property=\"og:site_name\" content=\"Benagil Caves - Carneirinho&#039;s Boat Trips\" \/>\n<meta property=\"article:publisher\" content=\"https:\/\/www.facebook.com\/carneirinhosboattrips\" \/>\n<meta name=\"twitter:card\" content=\"summary_large_image\" \/>\n<meta name=\"twitter:label1\" content=\"Gesch\u00e4tzte Lesezeit\" \/>\n\t<meta name=\"twitter:data1\" content=\"2\u00a0Minuten\" \/>\n<script type=\"application\/ld+json\" class=\"yoast-schema-graph\">{\"@context\":\"https:\/\/schema.org\",\"@graph\":[{\"@type\":\"WebPage\",\"@id\":\"https:\/\/carneirinhosboattrips.pt\/faq\/\",\"url\":\"https:\/\/carneirinhosboattrips.pt\/faq\/\",\"name\":\"FAQ - Benagil Caves - Carneirinho&#039;s Boat Trips\",\"isPartOf\":{\"@id\":\"https:\/\/carneirinhosboattrips.pt\/#website\"},\"datePublished\":\"2023-03-09T09:56:16+00:00\",\"dateModified\":\"2023-03-09T09:56:16+00:00\",\"breadcrumb\":{\"@id\":\"https:\/\/carneirinhosboattrips.pt\/faq\/#breadcrumb\"},\"inLanguage\":\"de\",\"potentialAction\":[{\"@type\":\"ReadAction\",\"target\":[\"https:\/\/carneirinhosboattrips.pt\/faq\/\"]}]},{\"@type\":\"BreadcrumbList\",\"@id\":\"https:\/\/carneirinhosboattrips.pt\/faq\/#breadcrumb\",\"itemListElement\":[{\"@type\":\"ListItem\",\"position\":1,\"name\":\"Home\",\"item\":\"https:\/\/carneirinhosboattrips.pt\/\"},{\"@type\":\"ListItem\",\"position\":2,\"name\":\"FAQ\"}]},{\"@type\":\"WebSite\",\"@id\":\"https:\/\/carneirinhosboattrips.pt\/#website\",\"url\":\"https:\/\/carneirinhosboattrips.pt\/\",\"name\":\"Carneirinho's Boat Trips\",\"description\":\"\",\"publisher\":{\"@id\":\"https:\/\/carneirinhosboattrips.pt\/#organization\"},\"potentialAction\":[{\"@type\":\"SearchAction\",\"target\":{\"@type\":\"EntryPoint\",\"urlTemplate\":\"https:\/\/carneirinhosboattrips.pt\/?s={search_term_string}\"},\"query-input\":\"required name=search_term_string\"}],\"inLanguage\":\"de\"},{\"@type\":\"Organization\",\"@id\":\"https:\/\/carneirinhosboattrips.pt\/#organization\",\"name\":\"Carneirinho's Boat Trips\",\"url\":\"https:\/\/carneirinhosboattrips.pt\/\",\"logo\":{\"@type\":\"ImageObject\",\"inLanguage\":\"de\",\"@id\":\"https:\/\/carneirinhosboattrips.pt\/#\/schema\/logo\/image\/\",\"url\":\"https:\/\/carneirinhosboattrips.pt\/wp-content\/uploads\/2020\/07\/logo-website.png\",\"contentUrl\":\"https:\/\/carneirinhosboattrips.pt\/wp-content\/uploads\/2020\/07\/logo-website.png\",\"width\":1400,\"height\":700,\"caption\":\"Carneirinho's Boat Trips\"},\"image\":{\"@id\":\"https:\/\/carneirinhosboattrips.pt\/#\/schema\/logo\/image\/\"},\"sameAs\":[\"https:\/\/www.facebook.com\/carneirinhosboattrips\"]}]}<\/script>\n<!-- \/ Yoast SEO plugin. -->","yoast_head_json":{"title":"FAQ - Benagil Caves - Carneirinho&#039;s Boat Trips","robots":{"index":"index","follow":"follow","max-snippet":"max-snippet:-1","max-image-preview":"max-image-preview:large","max-video-preview":"max-video-preview:-1"},"canonical":"https:\/\/carneirinhosboattrips.pt\/de\/faq\/","og_locale":"de_DE","og_type":"article","og_title":"FAQ - Benagil Caves - Carneirinho&#039;s Boat Trips","og_description":"Frequently Asked QuestionsWHAT ABOUT OUR STUFF?You can take them with you but if it\u2019s not a lot of things that could disturb the other customer on the boat. Also, in case of need, we are happy to keep your things in our care until the end of the trip. DO CHILDREN PAY?Yes, they do! However,","og_url":"https:\/\/carneirinhosboattrips.pt\/de\/faq\/","og_site_name":"Benagil Caves - Carneirinho&#039;s Boat Trips","article_publisher":"https:\/\/www.facebook.com\/carneirinhosboattrips","twitter_card":"summary_large_image","twitter_misc":{"Gesch\u00e4tzte Lesezeit":"2\u00a0Minuten"},"schema":{"@context":"https:\/\/schema.org","@graph":[{"@type":"WebPage","@id":"https:\/\/carneirinhosboattrips.pt\/faq\/","url":"https:\/\/carneirinhosboattrips.pt\/faq\/","name":"FAQ - Benagil Caves - Carneirinho&#039;s Boat Trips","isPartOf":{"@id":"https:\/\/carneirinhosboattrips.pt\/#website"},"datePublished":"2023-03-09T09:56:16+00:00","dateModified":"2023-03-09T09:56:16+00:00","breadcrumb":{"@id":"https:\/\/carneirinhosboattrips.pt\/faq\/#breadcrumb"},"inLanguage":"de","potentialAction":[{"@type":"ReadAction","target":["https:\/\/carneirinhosboattrips.pt\/faq\/"]}]},{"@type":"BreadcrumbList","@id":"https:\/\/carneirinhosboattrips.pt\/faq\/#breadcrumb","itemListElement":[{"@type":"ListItem","position":1,"name":"Home","item":"https:\/\/carneirinhosboattrips.pt\/"},{"@type":"ListItem","position":2,"name":"FAQ"}]},{"@type":"WebSite","@id":"https:\/\/carneirinhosboattrips.pt\/#website","url":"https:\/\/carneirinhosboattrips.pt\/","name":"Carneirinho's Boat Trips","description":"","publisher":{"@id":"https:\/\/carneirinhosboattrips.pt\/#organization"},"potentialAction":[{"@type":"SearchAction","target":{"@type":"EntryPoint","urlTemplate":"https:\/\/carneirinhosboattrips.pt\/?s={search_term_string}"},"query-input":"required name=search_term_string"}],"inLanguage":"de"},{"@type":"Organization","@id":"https:\/\/carneirinhosboattrips.pt\/#organization","name":"Carneirinho's Boat Trips","url":"https:\/\/carneirinhosboattrips.pt\/","logo":{"@type":"ImageObject","inLanguage":"de","@id":"https:\/\/carneirinhosboattrips.pt\/#\/schema\/logo\/image\/","url":"https:\/\/carneirinhosboattrips.pt\/wp-content\/uploads\/2020\/07\/logo-website.png","contentUrl":"https:\/\/carneirinhosboattrips.pt\/wp-content\/uploads\/2020\/07\/logo-website.png","width":1400,"height":700,"caption":"Carneirinho's Boat Trips"},"image":{"@id":"https:\/\/carneirinhosboattrips.pt\/#\/schema\/logo\/image\/"},"sameAs":["https:\/\/www.facebook.com\/carneirinhosboattrips"]}]}},"_links":{"self":[{"href":"https:\/\/carneirinhosboattrips.pt\/de\/wp-json\/wp\/v2\/pages\/19208","targetHints":{"allow":["GET"]}}],"collection":[{"href":"https:\/\/carneirinhosboattrips.pt\/de\/wp-json\/wp\/v2\/pages"}],"about":[{"href":"https:\/\/carneirinhosboattrips.pt\/de\/wp-json\/wp\/v2\/types\/page"}],"author":[{"embeddable":true,"href":"https:\/\/carneirinhosboattrips.pt\/de\/wp-json\/wp\/v2\/users\/1"}],"replies":[{"embeddable":true,"href":"https:\/\/carneirinhosboattrips.pt\/de\/wp-json\/wp\/v2\/comments?post=19208"}],"version-history":[{"count":9,"href":"https:\/\/carneirinhosboattrips.pt\/de\/wp-json\/wp\/v2\/pages\/19208\/revisions"}],"predecessor-version":[{"id":19217,"href":"https:\/\/carneirinhosboattrips.pt\/de\/wp-json\/wp\/v2\/pages\/19208\/revisions\/19217"}],"wp:attachment":[{"href":"https:\/\/carneirinhosboattrips.pt\/de\/wp-json\/wp\/v2\/media?parent=19208"}],"curies":[{"name":"wp","href":"https:\/\/api.w.org\/{rel}","templated":true}]}}